{"id":275,"date":"2022-08-11T08:42:39","date_gmt":"2022-08-11T00:42:39","guid":{"rendered":"https:\/\/www.eggtray.org\/?post_type=product&#038;p=275"},"modified":"2025-10-30T16:55:53","modified_gmt":"2025-10-30T08:55:53","slug":"quail-egg-tray-making-machine","status":"publish","type":"product","link":"https:\/\/www.eggtray.org\/sw\/product\/quail-egg-tray-making-machine\/","title":{"rendered":"Mashine ya Kutengeneza Tray za Mayai ya Kuku"},"content":{"rendered":"<p class=\"translation-block\">Mashine ya kutengeneza trays za mayai ya korri ni kutengeneza trays za karatasi za mayai ya korri za ubora wa juu. Mbali na hayo, baada ya kubadilisha ukungu, mashine hii pia inaweza kutengeneza tray za mayai, katoni za mayai, tray za tufaha, tray za divai nyekundu, tray za watoto, tray za divai nyekundu, n.k. Tray za karatasi zinazolingana zinatengenezwa kwa jina la mashine, kama vile <a href=\"https:\/\/www.eggtray.org\/sw\/product\/egg-tray-making-machine\/\" target=\"_blank\" rel=\"noreferrer noopener\">mashine ya tray za mayai<\/a>, mashine ya katoni za mayai, <a href=\"https:\/\/www.eggtray.org\/sw\/product\/apple-tray-making-machine\/\" target=\"_blank\" rel=\"noreferrer noopener\">mashine ya kutengeneza tray za tufaha<\/a>, n.k. Ikiwa una nia ya haya, karibisha kuwasiliana nasi!<\/p>    <h2 class=\"wp-block-heading\" id=\"h-complete-quail-egg-tray-production-process\"><strong>Komplett produktionsprocess f\u00f6r vaktel\u00e4ggsl\u00e5dor<\/strong><\/h2>    <p class=\"translation-block\"><strong>Fullst\u00e4ndig tillverkningsprocess f\u00f6r quail egg tray<\/strong><\/p>   <div class=\"wp-block-image\"> <figure class=\"aligncenter size-full\"><img loading=\"lazy\" decoding=\"async\" width=\"720\" height=\"450\" src=\"https:\/\/www.eggtray.org\/wp-content\/uploads\/2022\/08\/complete-paper-tray-production-line.webp\" alt=\"mchakato wa uzalishaji wa tray kamili \" class=\"wp-image-377\" title=\"\" srcset=\"https:\/\/www.eggtray.org\/wp-content\/uploads\/2022\/08\/complete-paper-tray-production-line.webp 720w, https:\/\/www.eggtray.org\/wp-content\/uploads\/2022\/08\/complete-paper-tray-production-line-300x188.webp 300w\" sizes=\"auto, (max-width: 720px) 100vw, 720px\" \/><figcaption class=\"wp-element-caption\">mchakato wa uzalishaji wa tray kamili <\/figcaption><\/figure> <\/div>   <p class=\"translation-block\"><strong>Kupuliza<\/strong>: Weka malighafi kwenye mashine ya kupuliza. Mashine ya kutengeneza pulp inakata malighafi za karatasi kwa mwendo wa kuzunguka wa mashine. Ni muhimu kutaja kuwa unahitaji kuongeza kiasi fulani cha maji. Ikiwa una maswali yoyote, unaweza kuwasiliana nasi.<\/p>    <p class=\"translation-block\"><strong>Kuunda<\/strong>: Hii ni hatua muhimu. Baada ya kuchanganya kidogo, kutumia mashine ya tray za mayai ya korri ni kutengeneza trays za karatasi sahihi. Katika mchakato huu, compressor ya hewa na pampu ya vacuum vinatumika. Pampu ya vacuum inavuta pulp hadi kwenye ukungu wa kuunda, na compressor ya hewa inavuma hadi kwenye ukungu wa uhamasishaji. Ikiwa unataka kujua maelezo zaidi, karibisha <a href=\"https:\/\/www.eggtray.org\/sw\/contact-us\/\" target=\"_blank\" rel=\"noreferrer noopener\">kuwasiliana nasi<\/a>!<\/p>    <p class=\"translation-block\"><strong>Kukausha<\/strong>: Kwa sababu kutengeneza trays za mayai ya korri ni mvua, inahitaji kukauka. Kuna njia tatu za kukausha: \u2460kukausha kwa asili, \u2461kukausha kwa tanuru ya matofali, na \u2462kukausha kwa mashine. Kila moja ina faida zake, unaweza pia kurejelea <strong>njia ya kukausha trays za karatasi<\/strong> kwa maelezo zaidi!<\/p>    <p class=\"translation-block\"><strong>Kupasha moto &amp; kufunga<\/strong>: Mashine ya kupasha moto hutumiwa mara nyingi kwa trays za aina ya sanduku, ambayo inaweza kuzifanya ziwe nzuri zaidi. Kisha, zipake na mashine ya kufunga.<\/p>    <h2 class=\"wp-block-heading\"><strong>Typer av vaktel\u00e4ggsformar som kan produceras<\/strong><\/h2>    <p class=\"translation-block\">Mashine hii ni ya vitendo sana. Tray tofauti zinaweza kutengenezwa kwa kubadilisha tu ukungu. Ikiwa unataka kutengeneza <a href=\"https:\/\/en.wikipedia.org\/wiki\/Tray\" target=\"_blank\" rel=\"noreferrer noopener\">trays<\/a> zinazofanana na trays za mayai na katoni za mayai, unahitaji tu kununua ukungu unaofaa unapoinunua mashine. Kwa kifupi, bila kujali aina gani ya tray unayotaka, mashine yetu ya kutengeneza trays za mayai ya korri inaweza kufanya.<\/p>    <figure class=\"wp-block-gallery aligncenter has-nested-images columns-default is-cropped wp-block-gallery-2 is-layout-flex wp-block-gallery-is-layout-flex\"> <figure class=\"wp-block-image size-large\"><img loading=\"lazy\" decoding=\"async\" width=\"720\" height=\"540\" data-id=\"378\" src=\"https:\/\/www.eggtray.org\/wp-content\/uploads\/2022\/08\/different-paper-tray-molds.webp\" alt=\"mifano tofauti ya tray za karatasi\" class=\"wp-image-378\" title=\"\" srcset=\"https:\/\/www.eggtray.org\/wp-content\/uploads\/2022\/08\/different-paper-tray-molds.webp 720w, https:\/\/www.eggtray.org\/wp-content\/uploads\/2022\/08\/different-paper-tray-molds-300x225.webp 300w\" sizes=\"auto, (max-width: 720px) 100vw, 720px\" \/><figcaption class=\"wp-element-caption\">Olika papperskartongformar<\/figcaption><\/figure>    <figure class=\"wp-block-image size-large\"><img loading=\"lazy\" decoding=\"async\" width=\"720\" height=\"540\" data-id=\"379\" src=\"https:\/\/www.eggtray.org\/wp-content\/uploads\/2022\/08\/paper-tray-types.webp\" alt=\"typer av pappersfack\" class=\"wp-image-379\" title=\"\" srcset=\"https:\/\/www.eggtray.org\/wp-content\/uploads\/2022\/08\/paper-tray-types.webp 720w, https:\/\/www.eggtray.org\/wp-content\/uploads\/2022\/08\/paper-tray-types-300x225.webp 300w\" sizes=\"auto, (max-width: 720px) 100vw, 720px\" \/><figcaption class=\"wp-element-caption\">Typer av pappersfat<\/figcaption><\/figure> <\/figure>    <h2 class=\"wp-block-heading\"><strong>F\u00f6rdelar med att investera i en maskin f\u00f6r tillverkning av vaktel\u00e4ggsbrickor<\/strong><\/h2>    <p class=\"translation-block\"><strong>Uwekezaji wa chini. <\/strong>Unapowekeza katika biashara hii, ni muhimu kuzingatia gharama za kibinafsi. Kwa mfano, malighafi, mashine, kazi, wakati, n.k. Ikilinganishwa na sekta nyingine, gharama ya kuwekeza katika mashine hii ya kutengeneza trays za karatasi ni ya chini sana. Mbali na hayo, mashine hii ni otomatiki kabisa na inapunguza nguvu kazi.<\/p>    <p class=\"translation-block\"><strong>Rudi kubwa. <\/strong>Mashine hii ina <strong> <\/strong> kiwango cha juu cha ukingo na muda mrefu wa huduma. Katika kipindi hicho hicho, mashine yetu inaweza kutengeneza trays za mayai ya korri. Mbali na hayo, mashine yetu inaweza kutumika kwa muda mrefu.<\/p>    <h2 class=\"wp-block-heading\"><strong>Hur v\u00e4ljer man r\u00e4tt pris f\u00f6r en maskin f\u00f6r vaktel\u00e4ggsbrickor?<\/strong><\/h2>    <p class=\"translation-block\"><strong>Ubora kwanza<\/strong>. Unapochagua mashine, ubora ndio jambo la kwanza kuzingatia.<\/p>    <p class=\"translation-block\"><strong>Mtengenezaji mwenye kuaminika<\/strong>. Kuchagua mtengenezaji mwenye kuaminika ni muhimu sana kwa wawekezaji. Si tu ubora wa mashine unaweza kuhakikishwa, bali pia huduma baada ya mauzo inahakikishwa.<\/p>    <p class=\"translation-block\"><strong>Utendaji wa gharama ya juu<\/strong>. Ni rahisi sana kiuchumi kununua mashine kutoka kampuni ambayo imeunganishwa na sekta na biashara. Shuliy Machinery ni kampuni kama hiyo.<\/p>   <div class=\"wp-block-image\"> <figure class=\"aligncenter size-full\"><img loading=\"lazy\" decoding=\"async\" width=\"720\" height=\"540\" src=\"https:\/\/www.eggtray.org\/wp-content\/uploads\/2022\/08\/quail-egg-tray-making-machine-manufacturer.webp\" alt=\"Tillverkare av maskiner f\u00f6r att tillverka vaktel\u00e4ggsbrickor\" class=\"wp-image-380\" title=\"\" srcset=\"https:\/\/www.eggtray.org\/wp-content\/uploads\/2022\/08\/quail-egg-tray-making-machine-manufacturer.webp 720w, https:\/\/www.eggtray.org\/wp-content\/uploads\/2022\/08\/quail-egg-tray-making-machine-manufacturer-300x225.webp 300w\" sizes=\"auto, (max-width: 720px) 100vw, 720px\" \/><figcaption class=\"wp-element-caption\">Tillverkare av maskiner f\u00f6r att tillverka vaktel\u00e4ggsbrickor<\/figcaption><\/figure> <\/div>   <h2 class=\"wp-block-heading\"><strong>Shuliy Machinery \u2013 tillverkare och leverant\u00f6r av maskiner f\u00f6r tillverkning av \u00e4ggtr\u00e5g f\u00f6r vaktlar<\/strong><\/h2>    <p>Vi, Shuliy Machinery, \u00e4r en tillverkare och leverant\u00f6r som specialiserar sig p\u00e5 olika typer av pulp tray-formningsmaskiner. Vi har inte bara olika typer av maskiner, utan ocks\u00e5 olika produktionslinjer f\u00f6r dig att v\u00e4lja mellan. V\u00e5ra maskiner \u00e4r absolut l\u00e4mpliga f\u00f6r dina olika aff\u00e4rsbehov. Dessutom har v\u00e5ra maskiner certifikat. Om du beh\u00f6ver en tillverkare, v\u00e4nligen kontakta oss.<\/p>   <div class=\"wp-block-image\"> <figure class=\"aligncenter size-full\"><img loading=\"lazy\" decoding=\"async\" width=\"720\" height=\"540\" src=\"https:\/\/www.eggtray.org\/wp-content\/uploads\/2022\/08\/Shuliy-Machinery-paper-tray-machine-manufacturer-supplier.webp\" alt=\"Shuliy Mashine-mtengenezaji na msambazaji wa mashine ya tray ya karatasi\" class=\"wp-image-382\" title=\"\" srcset=\"https:\/\/www.eggtray.org\/wp-content\/uploads\/2022\/08\/Shuliy-Machinery-paper-tray-machine-manufacturer-supplier.webp 720w, https:\/\/www.eggtray.org\/wp-content\/uploads\/2022\/08\/Shuliy-Machinery-paper-tray-machine-manufacturer-supplier-300x225.webp 300w\" sizes=\"auto, (max-width: 720px) 100vw, 720px\" \/><figcaption class=\"wp-element-caption\">Shuliy Machinery - tillverkare och leverant\u00f6r av pappersbricka maskiner<\/figcaption><\/figure> <\/div>   <h2 class=\"wp-block-heading\"><strong>L\u00e4nder d\u00e4r maskinerna s\u00e4ljer bra<\/strong><\/h2>    <p class=\"translation-block\">Mashine yetu ya kutengeneza trays za mayai ya korri inauzwa nje ya nchi. Tuna wateja katika Asia, Ulaya, Afrika, Amerika Kaskazini, Oseania, n.k. Nchi maalum kama <strong>Saudi Arabia, Uturuki, Irani, Falme za Kiarabu, Malaysia, Nepal, Ufilipino, Laos, Afghanistan, Armenia, Korea, Botswana, Algeria, Angola, Namibia, Niger, C\u00f4te d'Ivoire, Nigeria, Indonesia, Romania, Berlin, Ukraine, Poland, Hispania, Urusi, Uingereza, Ufaransa, Italia, Hispania, Urusi, Uingereza. Italia<\/strong>, n.k.<\/p>    <h2 class=\"wp-block-heading\"><strong>Specifikationer f\u00f6r pappersbricka maskinen<\/strong><\/h2>    <figure class=\"wp-block-table\"><table><tbody><tr><td>Modell<\/td><td>Kapacitet<\/td><td>Pappersf\u00f6rbrukning<\/td><td>Vattenf\u00f6rbrukning<\/td><td>Energi som anv\u00e4nds<\/td><td>Arbetare<\/td><\/tr><tr><td>SL-3*1<\/td><td>1000-1500pcs\/h<\/td><td>120kg\/h<\/td><td>300kg\/h<\/td><td>32kW\/h<\/td><td>3-4<\/td><\/tr><tr><td>SL-4*1<\/td><td>1500-2000st\/h<\/td><td>160kg\/h<\/td><td>380kg\/h<\/td><td>45kW\/h<\/td><td>3-4<\/td><\/tr><tr><td>SL-3*4<\/td><td>2000-2500pcs\/h<\/td><td>200kg\/h<\/td><td>450kg\/h<\/td><td>58kW\/h<\/td><td>4-5<\/td><\/tr><tr><td>SL-4*4<\/td><td>3000-3500pcs\/h<\/td><td>280kg\/h<\/td><td>560kg\/h<\/td><td>78kW\/h<\/td><td>4-5<\/td><\/tr><tr><td>SL-4*8<\/td><td>4000pcs\/h<\/td><td>320kg\/h<\/td><td>600kg\/h<\/td><td>80kW\/t<\/td><td>5-6<\/td><\/tr><tr><td>SL-5*8<\/td><td>5000pcs\/t<\/td><td>400kg\/t<\/td><td>750kg\/t<\/td><td>85kW\/h<\/td><td>3-4<\/td><\/tr><tr><td>SL-5*12<\/td><td>6000pcs\/h<\/td><td>480kg\/h<\/td><td>900kg\/h<\/td><td>90kW\/h<\/td><td>3-4<\/td><\/tr><tr><td>SL-6*12<\/td><td>8000pcs\/h<\/td><td>640kg\/h<\/td><td>1040kg\/h<\/td><td>100kW\/h<\/td><td>3-4<\/td><\/tr><\/tbody><\/table><\/figure>","protected":false},"excerpt":{"rendered":"<p>The quail egg tray making machine is to produce high-quality quail egg paper trays. Besides, after changing the mold, this machine can also produce the egg tray, egg carton, apple tray, red wine tray, nursery tray, red wine tray, etc. The corresponding paper trays are produced with the name of the machine, such as egg [&hellip;]<\/p>\n","protected":false},"author":1,"featured_media":326,"parent":0,"template":"","tags":[11,9,51],"product-type":[5,60,4],"class_list":["post-275","product","type-product","status-publish","has-post-thumbnail","hentry","tag-egg-tray-making-machine","tag-egg-tray-production-line","tag-quail-egg-tray-making-machine","product-type-main-equipment","product-type-by-products","product-type-product"],"_links":{"self":[{"href":"https:\/\/www.eggtray.org\/sw\/wp-json\/wp\/v2\/product\/275","targetHints":{"allow":["GET"]}}],"collection":[{"href":"https:\/\/www.eggtray.org\/sw\/wp-json\/wp\/v2\/product"}],"about":[{"href":"https:\/\/www.eggtray.org\/sw\/wp-json\/wp\/v2\/types\/product"}],"author":[{"embeddable":true,"href":"https:\/\/www.eggtray.org\/sw\/wp-json\/wp\/v2\/users\/1"}],"wp:featuredmedia":[{"embeddable":true,"href":"https:\/\/www.eggtray.org\/sw\/wp-json\/wp\/v2\/media\/326"}],"wp:attachment":[{"href":"https:\/\/www.eggtray.org\/sw\/wp-json\/wp\/v2\/media?parent=275"}],"wp:term":[{"taxonomy":"post_tag","embeddable":true,"href":"https:\/\/www.eggtray.org\/sw\/wp-json\/wp\/v2\/tags?post=275"},{"taxonomy":"product-type","embeddable":true,"href":"https:\/\/www.eggtray.org\/sw\/wp-json\/wp\/v2\/product-type?post=275"}],"curies":[{"name":"wp","href":"https:\/\/api.w.org\/{rel}","templated":true}]}}