{"id":327,"date":"2022-08-12T06:50:58","date_gmt":"2022-08-12T06:50:58","guid":{"rendered":"https:\/\/www.eggtray.org\/?post_type=product&#038;p=327"},"modified":"2025-10-31T17:33:57","modified_gmt":"2025-10-31T09:33:57","slug":"paper-pulping-machine","status":"publish","type":"product","link":"https:\/\/www.eggtray.org\/sw\/product\/paper-pulping-machine\/","title":{"rendered":"Papperspulvermaskin"},"content":{"rendered":"<p>Mashine ya kupunguza karatasi ni mashine inayosaga malighafi mbalimbali kuwa pulpu. Katika Mashine za Shuliy, inasaga aina mbalimbali za karatasi ili kutengeneza pulpu kwa hatua inayofuata ya kuunda. Kwa kuwekeza katika uzalishaji wa tray mbalimbali za karatasi, ni muhimu kununua mashine inayofaa ya kutengeneza pulpu.<\/p>    <h2 class=\"wp-block-heading\" id=\"h-what-is-a-paper-pulper-machine\"><strong>Vad \u00e4r en papperspulpermaskin?<\/strong><\/h2>    <p class=\"translation-block\">Mashine ya pulping ya karatasi ni <a href=\"https:\/\/en.wikipedia.org\/wiki\/Hydraulics\" target=\"_blank\" rel=\"noreferrer noopener\">hydraulic<\/a> pulper ambayo huponda aina mbalimbali za karatasi kuwa pulpa kwa kuzunguka kwa kasi kubwa. Bila shaka, kiasi fulani cha maji kinahitajika kuongezwa. Mashine hii ni rahisi kuendeshwa na ina muundo unaofaa, na kuifanya kuwa chaguo bora kwa ajili ya kusaga vifaa mbalimbali. Kampuni yetu ni kampuni ya viwanda na biashara. Hivyo, ikilinganishwa na kampuni nyingine za aina moja, mashine yetu ina bei ya ushindani. Ikiwa una nia ya mashine hii, karibu <a href=\"https:\/\/www.eggtray.org\/sw\/contact-us\/\" target=\"_blank\" rel=\"noreferrer noopener\">wasiliana nasi<\/a>.<\/p>    <figure class=\"wp-block-gallery aligncenter has-nested-images columns-default is-cropped wp-block-gallery-2 is-layout-flex wp-block-gallery-is-layout-flex\"> <figure class=\"wp-block-image size-large\"><img loading=\"lazy\" decoding=\"async\" width=\"720\" height=\"540\" data-id=\"390\" src=\"https:\/\/www.eggtray.org\/wp-content\/uploads\/2022\/08\/egg-tray-pulper.webp\" alt=\"Pulper ya tray za mayai\" class=\"wp-image-390\" title=\"\" srcset=\"https:\/\/www.eggtray.org\/wp-content\/uploads\/2022\/08\/egg-tray-pulper.webp 720w, https:\/\/www.eggtray.org\/wp-content\/uploads\/2022\/08\/egg-tray-pulper-300x225.webp 300w\" sizes=\"auto, (max-width: 720px) 100vw, 720px\" \/><figcaption>\u00c4ggkartongsmaskin<\/figcaption><\/figure>    <figure class=\"wp-block-image size-large\"><img loading=\"lazy\" decoding=\"async\" width=\"720\" height=\"540\" data-id=\"391\" src=\"https:\/\/www.eggtray.org\/wp-content\/uploads\/2022\/08\/pulper-machine.webp\" alt=\"mashine ya pulper\" class=\"wp-image-391\" title=\"\" srcset=\"https:\/\/www.eggtray.org\/wp-content\/uploads\/2022\/08\/pulper-machine.webp 720w, https:\/\/www.eggtray.org\/wp-content\/uploads\/2022\/08\/pulper-machine-300x225.webp 300w\" sizes=\"auto, (max-width: 720px) 100vw, 720px\" \/><figcaption>Pulpermaskin<\/figcaption><\/figure> <\/figure>    <h2 class=\"wp-block-heading\"><strong>Tumia katika uzalishaji wa tray ya mayai \/ katoni<\/strong><\/h2>    <p class=\"translation-block\">Katika <strong><a href=\"https:\/\/www.eggtray.org\/sw\/products\/production-line\/\" target=\"_blank\" rel=\"noreferrer noopener\">mstari kamili wa uzalishaji wa tray za karatasi<\/a><\/strong>, hatua zinazohitajika ni utengenezaji wa pulpa, uundaji, kukausha, kubonyeza kwa joto, na kufungashwa. Inaweza kuonekana kuwa utengenezaji wa pulpa ni hatua ya kwanza. Kwa hiyo, mashine ya pulping ya karatasi ni muhimu sana.<\/p>    <p>Karatasi na maji huchanganywa kwa uwiano fulani, kisha nguvu huanzishwa. Chini ya athari ya kuzunguka, karatasi inakatwa kuwa mchanganyiko na kuandaliwa kwa hatua inayofuata ya kuunda. Hii ndiyo mfumo wa kutengeneza mchanganyiko katika uzalishaji wa tray ya mayai \/ sanduku. <\/p>    <h2 class=\"wp-block-heading\"><strong>Vilken utrustning ing\u00e5r i pulperingssystemet?<\/strong><\/h2>    <p>K\u00e4lla 1000st\/h \u00e4ggbricka tillverkningslinje som exempel, \u00e4r utrustningen listad nedan. Om du vill ha en st\u00f6rre kapacitet kan du v\u00e4lja motsvarande maskin med r\u00e4tt kapacitet. <\/p>    <figure class=\"wp-block-table\"><table><tbody><tr><td>Maskinnamn<\/td><td>Modell<\/td><td>Energik\u00e4lla<\/td><td>Enhet<\/td><\/tr><tr><td>Hydra pulper<\/td><td>SL1.0<\/td><td>7.5kW<\/td><td>1 upps\u00e4ttning<\/td><\/tr><tr><td>Ventil av fj\u00e4ril<\/td><td>DN100<\/td><td>\/<\/td><td>1 st<\/td><\/tr><tr><td>Cellulosa pump<\/td><td>3 tum<\/td><td>2.2kW<\/td><td>1 upps\u00e4ttning<\/td><\/tr><tr><td>Cellulosa dammslagare<\/td><td>110r\/m<\/td><td>1.5kW<\/td><td>1 upps\u00e4ttning<\/td><\/tr><tr><td>Pumpar f\u00f6r avloppsvatten&nbsp;<\/td><td>\/<\/td><td>0.75kW<\/td><td>1 upps\u00e4ttning<\/td><\/tr><tr><td>R\u00f6r f\u00f6r transport av massa<\/td><td>\/<\/td><td>\/<\/td><td>1 upps\u00e4ttning<\/td><\/tr><\/tbody><\/table><\/figure>    <h2 class=\"wp-block-heading\"><strong>Arbetsprincip f\u00f6r papperspulpermaskinen<\/strong><\/h2>    <p>Kanuni ya kazi ni rahisi sana. Kwa sababu hii ni hydrapulper, tumia kasi kubwa ili kutoa msuguano, kisha vunja karatasi kuwa pulpu. <\/p>   <div class=\"wp-block-image\"> <figure class=\"aligncenter size-full\"><img loading=\"lazy\" decoding=\"async\" width=\"720\" height=\"540\" src=\"https:\/\/www.eggtray.org\/wp-content\/uploads\/2022\/08\/pulp-making-machine-manufacturer.webp\" alt=\"tengeneza mashine ya kutengeneza pulp\" class=\"wp-image-389\" title=\"\" srcset=\"https:\/\/www.eggtray.org\/wp-content\/uploads\/2022\/08\/pulp-making-machine-manufacturer.webp 720w, https:\/\/www.eggtray.org\/wp-content\/uploads\/2022\/08\/pulp-making-machine-manufacturer-300x225.webp 300w\" sizes=\"auto, (max-width: 720px) 100vw, 720px\" \/><figcaption>tengeneza mashine ya kutengeneza pulp<\/figcaption><\/figure> <\/div>   <h2 class=\"wp-block-heading\"><strong>F\u00f6rdelar med papperspulpermaskinen<\/strong><\/h2>    <ol class=\"wp-block-list\"><li>Muundo rahisi, rahisi kutumia, na rafiki sana kwa watumiaji.<\/li><li>Hydro pulper ni wa gharama nafuu, ukiwa na faida za bei.<\/li><li>Aina mbalimbali zinapatikana, zinazofaa kwa uzalishaji mdogo, wa kati, na mkubwa. <\/li><\/ol>    <h2 class=\"wp-block-heading\"><strong>Tekniska parametrar f\u00f6r pappersmassamaskinen<\/strong><\/h2>    <figure class=\"wp-block-table\"><table><tbody><tr><td>Modell<\/td><td>Nguvu(kW)<\/td><td>Kiasi\uff08m\u00b3\uff09<\/td><td>Ukubwa\uff08mm\uff09<\/td><td>Uwezo(kg\/kila mara)<\/td><\/tr><tr><td>SL-1.0<\/td><td>7.5<\/td><td>1.2<\/td><td>1400*1200*1400<\/td><td>300<\/td><\/tr><tr><td>SL-2.0<\/td><td>11<\/td><td>2.0<\/td><td>1550*1500*1400<\/td><td>400<\/td><\/tr><tr><td>SL-4.5<\/td><td>22<\/td><td>4.5<\/td><td>2200*2200*2600<\/td><td>600<\/td><\/tr><\/tbody><\/table><\/figure>","protected":false},"excerpt":{"rendered":"<p>A paper pulping machine is a machine that crushes various raw materials into pulp. In Shuliy Machinery, it mainly crushes various kinds of paper to make pulp for the next step of forming. For investing in the production of various paper trays, it is essential to purchase a suitable pulp making machine. What is a [&hellip;]<\/p>\n","protected":false},"author":1,"featured_media":333,"parent":0,"template":"","tags":[53,54,52,14],"product-type":[6],"class_list":["post-327","product","type-product","status-publish","has-post-thumbnail","hentry","tag-egg-tray-pulper","tag-egg-tray-pulping-system","tag-paper-pulping-machine","tag-pulp-making-machine","product-type-auxiliary-equipment"],"_links":{"self":[{"href":"https:\/\/www.eggtray.org\/sw\/wp-json\/wp\/v2\/product\/327","targetHints":{"allow":["GET"]}}],"collection":[{"href":"https:\/\/www.eggtray.org\/sw\/wp-json\/wp\/v2\/product"}],"about":[{"href":"https:\/\/www.eggtray.org\/sw\/wp-json\/wp\/v2\/types\/product"}],"author":[{"embeddable":true,"href":"https:\/\/www.eggtray.org\/sw\/wp-json\/wp\/v2\/users\/1"}],"wp:featuredmedia":[{"embeddable":true,"href":"https:\/\/www.eggtray.org\/sw\/wp-json\/wp\/v2\/media\/333"}],"wp:attachment":[{"href":"https:\/\/www.eggtray.org\/sw\/wp-json\/wp\/v2\/media?parent=327"}],"wp:term":[{"taxonomy":"post_tag","embeddable":true,"href":"https:\/\/www.eggtray.org\/sw\/wp-json\/wp\/v2\/tags?post=327"},{"taxonomy":"product-type","embeddable":true,"href":"https:\/\/www.eggtray.org\/sw\/wp-json\/wp\/v2\/product-type?post=327"}],"curies":[{"name":"wp","href":"https:\/\/api.w.org\/{rel}","templated":true}]}}