{"id":334,"date":"2022-08-12T09:22:57","date_gmt":"2022-08-12T09:22:57","guid":{"rendered":"https:\/\/www.eggtray.org\/?post_type=product&#038;p=334"},"modified":"2025-12-18T15:06:45","modified_gmt":"2025-12-18T07:06:45","slug":"egg-tray-dryer","status":"publish","type":"product","link":"https:\/\/www.eggtray.org\/sw\/product\/egg-tray-dryer\/","title":{"rendered":"Torkmaskin f\u00f6r \u00e4ggkartonger"},"content":{"rendered":"<p>Mashiini wa kukausha tray za mayai ni hasa kukausha tray za mayai zenye unyevu. Inachukua jukumu muhimu katika mchakato wa utengenezaji na uzalishaji wa tray za mayai. Hatua hii ni mashine inayowezesha mnunuzi kuongeza kasi ya matumizi ya tray za mayai. Mashine hii ni hatua isiyoweza kukosekana ikiwa unavutiwa na tray za mayai za karatasi. Tafadhali tupigie simu kwa maelezo zaidi!<\/p>    <h2 class=\"wp-block-heading\" id=\"h-what-is-the-egg-tray-dryer\"><strong>Nini dryer ya tray za mayai?<\/strong><\/h2>    <p class=\"translation-block\">Mashine ya kukaushia trei za mayai pia ni mfumo wa kukaushia trei za mayai katika <a href=\"https:\/\/www.eggtray.org\/sw\/product\/egg-tray-production-line-egg-tray-machine\/\" target=\"_blank\" rel=\"noreferrer noopener\">mchakato wa kutengeneza trei za mayai<\/a>. Kazi yake ni kukausha trei za karatasi zenye unyevunyevu. Katika mstari wa uzalishaji wa Mashine ya Shuliy, njia ya kukausha pia ni tofauti na itachaguliwa kulingana na kiwango cha uzalishaji. Ikiwa unataka kujua zaidi, karibu kusoma maudhui.<\/p>    <h2 class=\"wp-block-heading\"><strong>Aina ya 1: ukavu wa asili <\/strong><\/h2>    <p class=\"translation-block\">Kukaushwa kwa asili, kama jina linavyoashiria, ni kukausha trei za mvua kwa kuziweka chini ya jua na kuzi kausha kwa nguvu ya maumbile. Ni aina ya mwongozo kabisa. Hii ni ya gharama nafuu lakini inafaa tu kwa uzalishaji mdogo. Kama vile <a href=\"https:\/\/www.eggtray.org\/sw\/product\/egg-tray-making-machine\/\" target=\"_blank\" rel=\"noreferrer noopener\">mashine ya kutengeneza trei za mayai<\/a> kwa vipande 1000 kwa saa au vipande 1500 kwa saa.<\/p>    <div class=\"wp-block-group\"><div class=\"wp-block-group__inner-container is-layout-flow wp-block-group-is-layout-flow\"> <p>Dessutom kan denna typ av \u00e4ggbricka torkare ocks\u00e5 anv\u00e4ndas f\u00f6r att st\u00f6dja \u00e4ggbrickan med ett stativ, som kan placeras under solen eller s\u00e4ttas i ett slutet utrymme f\u00f6r att torka.<\/p> <\/div><\/div>    <figure class=\"wp-block-gallery aligncenter has-nested-images columns-default is-cropped wp-block-gallery-2 is-layout-flex wp-block-gallery-is-layout-flex\"> <figure class=\"wp-block-image size-large\"><img loading=\"lazy\" decoding=\"async\" width=\"720\" height=\"540\" data-id=\"338\" src=\"https:\/\/www.eggtray.org\/wp-content\/uploads\/2022\/08\/drying-in-the-sun.webp\" alt=\"torkning i solen\" class=\"wp-image-338\" title=\"\" srcset=\"https:\/\/www.eggtray.org\/wp-content\/uploads\/2022\/08\/drying-in-the-sun.webp 720w, https:\/\/www.eggtray.org\/wp-content\/uploads\/2022\/08\/drying-in-the-sun-300x225.webp 300w\" sizes=\"auto, (max-width: 720px) 100vw, 720px\" \/><figcaption class=\"wp-element-caption\">Torkning i solen<\/figcaption><\/figure>    <figure class=\"wp-block-image size-large\"><img loading=\"lazy\" decoding=\"async\" width=\"720\" height=\"540\" data-id=\"337\" src=\"https:\/\/www.eggtray.org\/wp-content\/uploads\/2022\/08\/trolley-the-container.webp\" alt=\"vagn &amp; beh\u00e5llaren\" class=\"wp-image-337\" title=\"\" srcset=\"https:\/\/www.eggtray.org\/wp-content\/uploads\/2022\/08\/trolley-the-container.webp 720w, https:\/\/www.eggtray.org\/wp-content\/uploads\/2022\/08\/trolley-the-container-300x225.webp 300w\" sizes=\"auto, (max-width: 720px) 100vw, 720px\" \/><figcaption class=\"wp-element-caption\">Vagn &amp; Beh\u00e5llaren<\/figcaption><\/figure> <\/figure>    <div class=\"wp-block-columns is-layout-flex wp-container-core-columns-is-layout-9d6595d7 wp-block-columns-is-layout-flex\"> <div class=\"wp-block-column is-layout-flow wp-block-column-is-layout-flow\"> <h3 class=\"wp-block-heading\"><strong>Sifa za ukavu wa asili<\/strong><\/h3>    <ul class=\"wp-block-list\"> <li>Ekonomisk och kostnadseffektiv, spara pengar genom att torka med solens kraft.<\/li>    <li>Inafaa kwa uzalishaji wa kiwango kidogo. Kwa sababu inakauka kwa njia ya asili, inahitaji msaada wa mikono. Ikiwa kiwango cha uzalishaji ni kikubwa sana, kazi inakuwa ngumu kidogo.<\/li>    <li>P\u00e5verkas av v\u00e4dret. Eftersom det \u00e4r naturlig soltorkning \u00e4r v\u00e4dret avg\u00f6rande.<\/li>    <li>Stort utrymme. Det b\u00f6r finnas tillr\u00e4ckligt med utrymme f\u00f6r naturlig torkning.<\/li>    <li>L\u00e5ng tid. J\u00e4mf\u00f6rt med naturlig torkning tar det l\u00e4ngre tid.<\/li> <\/ul> <\/div> <\/div>    <h3 class=\"wp-block-heading\"><strong>Maskin f\u00f6r \u00e4ggkartonger rekommenderad f\u00f6r naturlig torkning <\/strong><\/h3>    <figure class=\"wp-block-table\"><table><tbody><tr><td>Modell<\/td><td>Kapacitet<\/td><td>Pappersf\u00f6rbrukning<\/td><td>Vattenf\u00f6rbrukning<\/td><td>Energi som anv\u00e4nds<\/td><td>Arbetare<\/td><\/tr><tr><td>SL-3*1<\/td><td>1000-1500pcs\/h<\/td><td>120kg\/h<\/td><td>300kg\/h<\/td><td>32kW\/h<\/td><td>3-4<\/td><\/tr><tr><td>SL-4*1<\/td><td>1500-2000PCS\/h<\/td><td>160kg\/h<\/td><td>380kg\/h<\/td><td>45kW\/h<\/td><td>3-4<\/td><\/tr><tr><td>SL-3*4<\/td><td>2000-2500pcs\/h<\/td><td>200kg\/h<\/td><td>450kg\/h<\/td><td>58kW\/h<\/td><td>4-5<\/td><\/tr><\/tbody><\/table><\/figure>    <h2 class=\"wp-block-heading\"><strong>Aina ya 2: mstari wa ukavu wa tanuru za matofali<\/strong><\/h2>    <p>Aina hii ya dryer ya tray ya mayai ni ya haraka zaidi na inatumia joto kukausha wakati inapokanzwa katika tanuru ya brink. Ni aina ya nusu-automati. Inafaa kwa uzalishaji wa mashine wa ukubwa wa kati hadi mkubwa. Njia hii ya kukausha ni bora zaidi kuliko ya kwanza na nafuu zaidi kuliko ya tatu. Inachukua dakika chache tu kukausha trays.<\/p>   <div class=\"wp-block-image\"> <figure class=\"aligncenter size-full\"><img loading=\"lazy\" decoding=\"async\" width=\"720\" height=\"540\" src=\"https:\/\/www.eggtray.org\/wp-content\/uploads\/2022\/08\/brick-kiln-drying.webp\" alt=\"t drying ya matofali \" class=\"wp-image-347\" title=\"\" srcset=\"https:\/\/www.eggtray.org\/wp-content\/uploads\/2022\/08\/brick-kiln-drying.webp 720w, https:\/\/www.eggtray.org\/wp-content\/uploads\/2022\/08\/brick-kiln-drying-300x225.webp 300w\" sizes=\"auto, (max-width: 720px) 100vw, 720px\" \/><figcaption class=\"wp-element-caption\">t drying ya matofali <\/figcaption><\/figure> <\/div>   <h3 class=\"wp-block-heading\"><strong>Karakteristika za su\u0161enje opeke u pe\u0107i<\/strong><\/h3>    <ul class=\"wp-block-list\"> <li>Spara tid och anstr\u00e4ngning och torka pappl\u00e5dor p\u00e5 n\u00e5gra minuter.<\/li>    <li>Semiautomatisk grad. Transportbandet kan \u00f6verf\u00f6ra l\u00e5dor, men manuell insamling kr\u00e4vs.<\/li>    <li>Billig. J\u00e4mf\u00f6rt med metalltorkning \u00e4r priset l\u00e5gt.<\/li>    <li>L\u00e4tt att underh\u00e5lla och l\u00e5ng livsl\u00e4ngd. Tegelugnen h\u00e5ller l\u00e4ngre.<\/li>    <li>Att ockupera det stora utrymmet. Anv\u00e4ndare beh\u00f6ver bygga en tegelugn med en enskiktsdesign och en yta p\u00e5 minst 30 kvadratmeter.<\/li> <\/ul>    <h3 class=\"wp-block-heading\">Parametri kori\u0161\u0107ene ma\u0161ine za jaja<\/h3>    <figure class=\"wp-block-table\"><table><tbody><tr><td>Modell<\/td><td>Kapacitet<\/td><td>Pappersf\u00f6rbrukning<\/td><td>Vattenf\u00f6rbrukning<\/td><td>Energi som anv\u00e4nds<\/td><td>Arbetare<\/td><\/tr><tr><td>SL-4*4<\/td><td>3000-3500pcs\/h<\/td><td>280kg\/h<\/td><td>560kg\/h<\/td><td>78kW\/h<\/td><td>4-5<\/td><\/tr><tr><td>SL-4*8<\/td><td>4000pcs\/h<\/td><td>320kg\/h<\/td><td>600kg\/h<\/td><td>80kW\/t<\/td><td>5-6<\/td><\/tr><tr><td>SL-5*8<\/td><td>5000pcs\/t<\/td><td>400kg\/t<\/td><td>750kg\/t<\/td><td>85kW\/h<\/td><td>3-4<\/td><\/tr><tr><td>SL-5*12<\/td><td>6000pcs\/h<\/td><td>480kg\/h<\/td><td>900kg\/h<\/td><td>90kW\/h<\/td><td>3-4<\/td><\/tr><tr><td>SL-6*12<\/td><td>8000pcs\/h<\/td><td>640kg\/h<\/td><td>1040kg\/h<\/td><td>100kW\/h<\/td><td>3-4<\/td><\/tr><\/tbody><\/table><\/figure>    <h2 class=\"wp-block-heading\"><strong>Tip 3: Metalna su\u0161ilica za jaja<\/strong><\/h2>    <p>Torktumlare av metall \u00e4r ett helt automatiserat torksystem f\u00f6r \u00e4ggtr\u00e5g med flera lager, beroende p\u00e5 produktionsskalan. Baserat p\u00e5 kostnadseffektivitet rekommenderas denna typ av torkning att anv\u00e4ndas tillsammans med massproduktion f\u00f6r att maximera dina f\u00f6rdelar. Vi ser fram emot din f\u00f6rfr\u00e5gan!<\/p>   <div class=\"wp-block-image\"> <figure class=\"aligncenter size-full\"><img loading=\"lazy\" decoding=\"async\" width=\"720\" height=\"540\" src=\"https:\/\/www.eggtray.org\/wp-content\/uploads\/2022\/08\/metal-multiple-layer-egg-tray-dryer.webp\" alt=\"Metallflera lager \u00e4ggkartongtorkare\" class=\"wp-image-344\" title=\"\" srcset=\"https:\/\/www.eggtray.org\/wp-content\/uploads\/2022\/08\/metal-multiple-layer-egg-tray-dryer.webp 720w, https:\/\/www.eggtray.org\/wp-content\/uploads\/2022\/08\/metal-multiple-layer-egg-tray-dryer-300x225.webp 300w\" sizes=\"auto, (max-width: 720px) 100vw, 720px\" \/><figcaption class=\"wp-element-caption\">Metallflera lager \u00e4ggkartongtorkare <\/figcaption><\/figure> <\/div>   <h3 class=\"wp-block-heading\"><strong>Istaknute karakteristike su\u0161ilice za jaja<\/strong><\/h3>    <ul class=\"wp-block-list\"> <li>En h\u00f6g grad av automatisering. Denna typ av torkning \u00e4r den mest automatiserade av de tre, vilket sparar arbetskraft.<\/li>    <li>Naturgas, elektricitet, \u00e5nga och br\u00e4nnolja kan anv\u00e4ndas som br\u00e4nsle f\u00f6r att v\u00e4rma maskinen.<\/li>    <li>Stort omr\u00e5de. Eftersom maskinen \u00e4r flerskikts t\u00e4cker den ett brett omr\u00e5de.<\/li>    <li>En h\u00f6g grad av till\u00e4mplighet. Oavsett storleken p\u00e5 produktionsskalan \u00e4r det m\u00f6jligt att anv\u00e4nda metallflerskikts torkning.<\/li>    <li>Dyrt. H\u00f6g maskinkostnad och stora investeringar i den initiala investeringen.<\/li> <\/ul>    <h3 class=\"wp-block-heading\"><strong>Specifikacije predlo\u017eene ma\u0161ine za jaja<\/strong><\/h3>    <figure class=\"wp-block-table\"><table><tbody><tr><td>Modell<\/td><td>Kapacitet<\/td><td>Pappersf\u00f6rbrukning<\/td><td>Vattenf\u00f6rbrukning<\/td><td>Energi som anv\u00e4nds<\/td><td>Arbetare<\/td><\/tr><tr><td>SL-4*4<\/td><td>3000-3500pcs\/h<\/td><td>280kg\/h<\/td><td>560kg\/h<\/td><td>78kW\/h<\/td><td>4-5<\/td><\/tr><tr><td>SL-4*8<\/td><td>4000pcs\/h<\/td><td>320kg\/h<\/td><td>600kg\/h<\/td><td>80kW\/t<\/td><td>5-6<\/td><\/tr><tr><td>SL-5*8<\/td><td>5000pcs\/t<\/td><td>400kg\/t<\/td><td>750kg\/t<\/td><td>85kW\/h<\/td><td>3-4<\/td><\/tr><tr><td>SL-5*12<\/td><td>6000pcs\/h<\/td><td>480kg\/h<\/td><td>900kg\/h<\/td><td>90kW\/h<\/td><td>3-4<\/td><\/tr><tr><td>SL-6*12<\/td><td>8000pcs\/h<\/td><td>640kg\/h<\/td><td>1040kg\/h<\/td><td>100kW\/h<\/td><td>3-4<\/td><\/tr><\/tbody><\/table><\/figure>    <h2 class=\"wp-block-heading\" id=\"h-how-to-choose-the-right-drying-method\"><strong>Hur man v\u00e4ljer r\u00e4tt torkmetod?<\/strong><\/h2>    <p>Ishara nzima ya makala, tunaweza kujua kwamba tuna aina tatu za mbinu za kukausha, lakini jinsi ya kuchagua mbinu sahihi ya kukausha? Unahitaji kuelewa mambo yafuatayo.<\/p>    <ol class=\"wp-block-list\"> <li>Produktionsskala. Hur m\u00e5nga \u00e4ggtr\u00e5g vill du producera p\u00e5 en timme?<\/li>    <li>Automatiseringsniv\u00e5. Vill du vara manuell, semi-automatisk eller helt automatisk, vilket motsvarar olika torkmetoder.<\/li>    <li>Arbetskostnad. Oavsett vilken torkmetod som anv\u00e4nds beh\u00f6vs arbetskraft. S\u00e5 arbetskostnaden m\u00e5ste ocks\u00e5 beaktas.<\/li>    <li>Utrymme. Torkning i tegelugn och metalltorkning kr\u00e4ver stort golvutrymme.<\/li>    <li>Bajeti. Je, unakusudia kuwekeza kiasi gani cha pesa ili kufanya uwekezaji?<\/li> <\/ol>    <p>Meneja wetu wa mauzo pia ataboresha suluhisho linalofaa kwako kulingana na mahitaji yako.<\/p>","protected":false},"excerpt":{"rendered":"<p>The egg tray dryer is mainly to dry the wet egg tray. It plays an active role in the process of egg tray manufacturing and production. This step is the machine that enables the buyer to speed up the use of the egg tray. This machine is an indispensable step if you are interested in [&hellip;]<\/p>\n","protected":false},"author":1,"featured_media":336,"parent":0,"template":"","tags":[40,37,38,39],"product-type":[6],"class_list":["post-334","product","type-product","status-publish","has-post-thumbnail","hentry","tag-brick-kilin-drying-method","tag-egg-tray-dryer","tag-egg-tray-drying-system","tag-metal-dryer","product-type-auxiliary-equipment"],"_links":{"self":[{"href":"https:\/\/www.eggtray.org\/sw\/wp-json\/wp\/v2\/product\/334","targetHints":{"allow":["GET"]}}],"collection":[{"href":"https:\/\/www.eggtray.org\/sw\/wp-json\/wp\/v2\/product"}],"about":[{"href":"https:\/\/www.eggtray.org\/sw\/wp-json\/wp\/v2\/types\/product"}],"author":[{"embeddable":true,"href":"https:\/\/www.eggtray.org\/sw\/wp-json\/wp\/v2\/users\/1"}],"wp:featuredmedia":[{"embeddable":true,"href":"https:\/\/www.eggtray.org\/sw\/wp-json\/wp\/v2\/media\/336"}],"wp:attachment":[{"href":"https:\/\/www.eggtray.org\/sw\/wp-json\/wp\/v2\/media?parent=334"}],"wp:term":[{"taxonomy":"post_tag","embeddable":true,"href":"https:\/\/www.eggtray.org\/sw\/wp-json\/wp\/v2\/tags?post=334"},{"taxonomy":"product-type","embeddable":true,"href":"https:\/\/www.eggtray.org\/sw\/wp-json\/wp\/v2\/product-type?post=334"}],"curies":[{"name":"wp","href":"https:\/\/api.w.org\/{rel}","templated":true}]}}