{"id":345,"date":"2022-08-15T07:34:09","date_gmt":"2022-08-15T07:34:09","guid":{"rendered":"https:\/\/www.eggtray.org\/?post_type=product&#038;p=345"},"modified":"2025-10-31T17:31:01","modified_gmt":"2025-10-31T09:31:01","slug":"hot-pressing-machine","status":"publish","type":"product","link":"https:\/\/www.eggtray.org\/sw\/product\/hot-pressing-machine\/","title":{"rendered":"Varmpressningsmaskin"},"content":{"rendered":"<p class=\"translation-block\">Mashine ya kusukuma kwa joto hufanya kazi kuu ya kusukuma katoni\/kikapu kilicho kauka ili kutengeneza uso wake mtarimbo zaidi na mzuri. Madhumuni makuu ni kusukuma masanduku ya karatasi kwa joto. Kwa hivyo, mashine hii hutumiwa zaidi katika <a href=\"https:\/\/www.eggtray.org\/sw\/product\/egg-carton-production-line-egg-carton-machine\/\" target=\"_blank\" rel=\"noreferrer noopener\">mstari wa uzalishaji wa utengenezaji wa katoni za mayai<\/a>, kwa kawaida kama mashine saidizi. Lakini kwa kweli ni sehemu muhimu sana.<\/p>    <h2 class=\"wp-block-heading\"><strong>Till\u00e4mpningar av \u00e4ggkartongens varmformningsmaskin<\/strong><\/h2>    <p class=\"translation-block\">Mashine hii ya kusukuma kwa joto hutumiwa kusukuma bidhaa mbalimbali za masanduku kwa joto. Kwa hivyo mashine hii inaweza kutumiwa kwa bidhaa zote za masanduku. Kama vile <a href=\"https:\/\/www.eggtray.org\/sw\/product\/apple-tray-making-machine\/\" target=\"_blank\" rel=\"noreferrer noopener\">trei ya tufaha<\/a>, <a href=\"https:\/\/www.eggtray.org\/sw\/product\/quail-egg-tray-making-machine\/\" target=\"_blank\" rel=\"noreferrer noopener\">trei ya mayai ya kware<\/a>, katoni ya mayai, trei ya divai, n.k. Machalaka aina ya sanduku inaweza kutumia mashine hii.<\/p>   <div class=\"wp-block-image\"> <figure class=\"aligncenter size-full\"><img loading=\"lazy\" decoding=\"async\" width=\"560\" height=\"400\" src=\"https:\/\/www.eggtray.org\/wp-content\/uploads\/2022\/08\/pulp-paper-trays.webp\" alt=\"korgpapperstr\u00e5g\" class=\"wp-image-309\" title=\"\" srcset=\"https:\/\/www.eggtray.org\/wp-content\/uploads\/2022\/08\/pulp-paper-trays.webp 560w, https:\/\/www.eggtray.org\/wp-content\/uploads\/2022\/08\/pulp-paper-trays-300x214.webp 300w\" sizes=\"auto, (max-width: 560px) 100vw, 560px\" \/><figcaption>korgpapperstr\u00e5g<\/figcaption><\/figure> <\/div>   <h2 class=\"wp-block-heading\"><strong>F\u00f6rdelar med att anv\u00e4nda varmpressmaskinen<\/strong><\/h2>    <ol class=\"wp-block-list\"><li>\u00c4ggkartongerna \u00e4r mer vackra och prydliga. Utseendet p\u00e5 \u00e4ggkartongen efter varmpressning \u00e4r mer attraktivt.<\/li><li>\u00d6kade f\u00f6rs\u00e4ljningar. Oavsett om de s\u00e4ljs ensamma eller tillsammans med \u00e4gg, \u00e4r de mer attraktiva.<\/li><li><a href=\"https:\/\/www.eggtray.org\/sw\/product\/egg-carton-production-line-egg-carton-machine\/\" target=\"_blank\" rel=\"noreferrer noopener\">Komplett tillverkningslinje f\u00f6r \u00e4ggkartonger<\/a>Ni lazima kutumia mashine ya joto kwa ajili ya masanduku.<\/li><\/ol>   <div class=\"wp-block-image\"> <figure class=\"aligncenter size-full\"><img loading=\"lazy\" decoding=\"async\" width=\"720\" height=\"540\" src=\"https:\/\/www.eggtray.org\/wp-content\/uploads\/2022\/08\/hot-press-shaping-machine.webp\" alt=\"hetpressningsmaskin\" class=\"wp-image-241\" title=\"\" srcset=\"https:\/\/www.eggtray.org\/wp-content\/uploads\/2022\/08\/hot-press-shaping-machine.webp 720w, https:\/\/www.eggtray.org\/wp-content\/uploads\/2022\/08\/hot-press-shaping-machine-300x225.webp 300w\" sizes=\"auto, (max-width: 720px) 100vw, 720px\" \/><figcaption>hetpressningsmaskin<\/figcaption><\/figure> <\/div>   <h2 class=\"wp-block-heading\" id=\"h-why-choose-shuliy-machinery\"><strong>Varf\u00f6r v\u00e4lja Shuliy Machinery?<\/strong><\/h2>    <p class=\"translation-block\">Kuna kampuni nyingi sana sokoni, kwa nini uchague Shuliy Machinery kuwa <a href=\"https:\/\/en.wikipedia.org\/wiki\/Manufacturing\" target=\"_blank\" rel=\"noreferrer noopener\">msambazaji<\/a> wako? Kuna mambo yafuatayo kwa ajili ya kuzingatia kwako.<\/p>    <ul class=\"wp-block-list\"><li>Kompletta maskiner. P\u00e5 grund av den integrerade tillverkningen och handeln har vi m\u00e5nga typer av relevanta \u00e4ggbricka-maskiner. S\u00e5som <a href=\"https:\/\/www.eggtray.org\/sw\/product\/egg-tray-dryer\/\" target=\"_blank\" rel=\"noreferrer noopener\">mashine ya kukausha tray za mayai<\/a>, <a href=\"https:\/\/www.eggtray.org\/sw\/product\/egg-carton-making-machine\/\" target=\"_blank\" rel=\"noreferrer noopener\">maskin f\u00f6r att tillverka \u00e4ggkartonger<\/a>, massa tillverkningsmaskin, varmpressmaskin, balningsmaskin, etc. Du kan k\u00f6pa vad du vill p\u00e5 en g\u00e5ng. <\/li><li>Huduma ya kitaalamu. Kama mtengenezaji na mtoa huduma anayeongoza, tuna maarifa na mtazamo wa kitaalamu wa kutoa suluhisho bora.<\/li><li>Huduma bora baada ya mauzo. Pia tunatoa huduma bora baada ya mauzo kusaidia wateja kupata huduma bora.<\/li><\/ul>   <div class=\"wp-block-image\"> <figure class=\"aligncenter size-full\"><img loading=\"lazy\" decoding=\"async\" width=\"720\" height=\"540\" src=\"https:\/\/www.eggtray.org\/wp-content\/uploads\/2022\/08\/working-scene-of-the-hot-pressing-machine.webp\" alt=\"jukwaa la kazi la mashine ya joto\" class=\"wp-image-386\" title=\"\" srcset=\"https:\/\/www.eggtray.org\/wp-content\/uploads\/2022\/08\/working-scene-of-the-hot-pressing-machine.webp 720w, https:\/\/www.eggtray.org\/wp-content\/uploads\/2022\/08\/working-scene-of-the-hot-pressing-machine-300x225.webp 300w\" sizes=\"auto, (max-width: 720px) 100vw, 720px\" \/><figcaption>jukwaa la kazi la mashine ya joto<\/figcaption><\/figure> <\/div>   <h2 class=\"wp-block-heading\" id=\"h-technical-parameters-of-the-hot-press-shaping-machine-for-the-egg-carton\"><strong>Vigezo vya kiufundi vya umbo la mashine ya joto<\/strong> <strong>maskin f\u00f6r \u00e4ggkartong<\/strong><\/h2>    <figure class=\"wp-block-table\"><table><tbody><tr><td>Maskinnamn<\/td><td>Maskin f\u00f6r hetpressning<\/td><\/tr><tr><td>Dimension<\/td><td>1200*800*1800mm<\/td><\/tr><tr><td>Arbetstryck<\/td><td>15 ton<\/td><\/tr><tr><td>Energik\u00e4lla<\/td><td>6,5 kW<\/td><\/tr><tr><td>Arbetstemperatur<\/td><td>160~200\u2103<\/td><\/tr><tr><td>Arbetscykeltid<\/td><td>6-10 sekunder<\/td><\/tr><tr><td>Kr\u00e4ver tryckluft<\/td><td>0,5~0,6MPa, 1M3\/min;<\/td><\/tr><tr><td>Kontroll<\/td><td>PLC-kontroll<\/td><\/tr><\/tbody><\/table><\/figure>","protected":false},"excerpt":{"rendered":"<p>The hot pressing machine mainly functions to press the dried carton\/crate to make its flat surface more neat and beautiful. The main purpose is to heat press paper boxes. Therefore, this machine is mostly used in the egg carton manufacturing production line, usually as an auxiliary machine. But it is really an essential part. Applications [&hellip;]<\/p>\n","protected":false},"author":1,"featured_media":348,"parent":0,"template":"","tags":[42,20,43,41,13],"product-type":[6],"class_list":["post-345","product","type-product","status-publish","has-post-thumbnail","hentry","tag-egg-carton-press-machine","tag-egg-carton-production-line","tag-egg-crate-hot-press","tag-hot-press","tag-hot-pressing-machine","product-type-auxiliary-equipment"],"_links":{"self":[{"href":"https:\/\/www.eggtray.org\/sw\/wp-json\/wp\/v2\/product\/345","targetHints":{"allow":["GET"]}}],"collection":[{"href":"https:\/\/www.eggtray.org\/sw\/wp-json\/wp\/v2\/product"}],"about":[{"href":"https:\/\/www.eggtray.org\/sw\/wp-json\/wp\/v2\/types\/product"}],"author":[{"embeddable":true,"href":"https:\/\/www.eggtray.org\/sw\/wp-json\/wp\/v2\/users\/1"}],"wp:featuredmedia":[{"embeddable":true,"href":"https:\/\/www.eggtray.org\/sw\/wp-json\/wp\/v2\/media\/348"}],"wp:attachment":[{"href":"https:\/\/www.eggtray.org\/sw\/wp-json\/wp\/v2\/media?parent=345"}],"wp:term":[{"taxonomy":"post_tag","embeddable":true,"href":"https:\/\/www.eggtray.org\/sw\/wp-json\/wp\/v2\/tags?post=345"},{"taxonomy":"product-type","embeddable":true,"href":"https:\/\/www.eggtray.org\/sw\/wp-json\/wp\/v2\/product-type?post=345"}],"curies":[{"name":"wp","href":"https:\/\/api.w.org\/{rel}","templated":true}]}}