{"id":353,"date":"2022-08-15T08:58:14","date_gmt":"2022-08-15T08:58:14","guid":{"rendered":"https:\/\/www.eggtray.org\/?post_type=product&#038;p=353"},"modified":"2025-10-31T17:28:49","modified_gmt":"2025-10-31T09:28:49","slug":"egg-tray-packing-machine","status":"publish","type":"product","link":"https:\/\/www.eggtray.org\/sw\/product\/egg-tray-packing-machine\/","title":{"rendered":"Maskin f\u00f6r packning av \u00e4ggkartonger"},"content":{"rendered":"<p class=\"translation-block\">Denne \u00e4ggfaten-packm\/achin \u00e4r huvuds ak anv\u00e4 nds f\u00f6r det sista steget av <a href=\"https:\/\/www.eggtray.org\/sw\/products\/production-line\/\" target=\"_blank\" rel=\"noreferrer noopener\">kompletta pappersfatsproduktionslinjen<\/a>, f\u00f6r buntning av olika pappersfats. Efter-packningen \u00e4r faten mer prydliga. Detta \u00e4r n\u00f6dv\u00e4ndigt f\u00f6r lagring och transport. F\u00f6r lagring kan det spara utrymme och lagra fler \u00e4ggfack. F\u00f6r <a href=\"https:\/\/en.wikipedia.org\/wiki\/Transport\" target=\"_blank\" rel=\"noreferrer noopener\">transport<\/a>, \u00e4r det m\u00f6jligt att genomf\u00f6ra b\u00e4ttre transport.<\/p>    <h2 class=\"wp-block-heading\"><strong>Matumizi ya mashine ya kufunga tray za mayai<\/strong><\/h2>    <p class=\"translation-block\">Denna \u00e4ggfats-packmaskin anv\u00e4nds som ett hj\u00e4lpmaskin i \u00e4ggfatsproduktionslinjen. Den anv\u00e4nds f\u00f6r paketering av olika fater efter torkning. Huvudsakligen automatisk f\u00f6rpackning. De fat som kan packas \u00e4r <a href=\"https:\/\/www.eggtray.org\/sw\/product\/egg-tray-making-machine\/\" target=\"_blank\" rel=\"noreferrer noopener\">\u00e4ggfats<\/a>, \u00e4ppelfat, vinfat, plantagefat, medicinska fat, <a href=\"https:\/\/www.eggtray.org\/sw\/product\/quail-egg-tray-making-machine\/\" target=\"_blank\" rel=\"noreferrer noopener\">kaninfotf<\/a> osv. V\u00e4nligen kontakta oss f\u00f6r mer information.<\/p>   <div class=\"wp-block-image\"> <figure class=\"aligncenter size-full\"><img loading=\"lazy\" decoding=\"async\" width=\"720\" height=\"540\" src=\"https:\/\/www.eggtray.org\/wp-content\/uploads\/2022\/08\/packed-egg-trays.webp\" alt=\"paketerade \u00e4ggkartonger \" class=\"wp-image-385\" title=\"\" srcset=\"https:\/\/www.eggtray.org\/wp-content\/uploads\/2022\/08\/packed-egg-trays.webp 720w, https:\/\/www.eggtray.org\/wp-content\/uploads\/2022\/08\/packed-egg-trays-300x225.webp 300w\" sizes=\"auto, (max-width: 720px) 100vw, 720px\" \/><figcaption>paketerade \u00e4ggkartonger <\/figcaption><\/figure> <\/div>   <h2 class=\"wp-block-heading\"><strong>F\u00f6rdelar med att anv\u00e4nda packmaskinen f\u00f6r pappersbrickor<\/strong><\/h2>    <ol class=\"wp-block-list\"><li>En komplett produktionslinje f\u00f6r \u00e4ggbrickor. Hela linjen \u00e4r komplett och har snabb produktion. Det f\u00f6rb\u00e4ttrar produktionen avsev\u00e4rt.<\/li><li>Spara lagrings- och transportutrymme. P\u00e5 grund av staplingen upptar pappersbrickorna mindre utrymme och du kan lagra och leverera mer.<\/li><li>Automatiki ya juu. Katika mstari wa uzalishaji, kutoka <a href=\"https:\/\/www.eggtray.org\/sw\/product\/paper-pulping-machine\/\" target=\"_blank\" rel=\"noreferrer noopener\">pulpering<\/a>, formning, torkning och varmpressning till balning, uppn\u00e5r det en h\u00f6g grad av automatisering.<\/li><\/ol>    <figure class=\"wp-block-gallery aligncenter has-nested-images columns-default is-cropped wp-block-gallery-2 is-layout-flex wp-block-gallery-is-layout-flex\"> <figure class=\"wp-block-image size-large\"><img loading=\"lazy\" decoding=\"async\" width=\"540\" height=\"720\" data-id=\"383\" src=\"https:\/\/www.eggtray.org\/wp-content\/uploads\/2022\/08\/automatic-egg-tray-baling-machine.webp\" alt=\"Automatisk balmaskin f\u00f6r \u00e4ggtr\u00e5g\" class=\"wp-image-383\" title=\"\" srcset=\"https:\/\/www.eggtray.org\/wp-content\/uploads\/2022\/08\/automatic-egg-tray-baling-machine.webp 540w, https:\/\/www.eggtray.org\/wp-content\/uploads\/2022\/08\/automatic-egg-tray-baling-machine-225x300.webp 225w\" sizes=\"auto, (max-width: 540px) 100vw, 540px\" \/><figcaption>Automatisk \u00e4ggtraysbalarmaskin<\/figcaption><\/figure>    <figure class=\"wp-block-image size-large\"><img loading=\"lazy\" decoding=\"async\" width=\"540\" height=\"720\" data-id=\"384\" src=\"https:\/\/www.eggtray.org\/wp-content\/uploads\/2022\/08\/baling-machine-for-egg-trays.webp\" alt=\"maskin f\u00f6r balning av \u00e4ggkartonger\" class=\"wp-image-384\" title=\"\" srcset=\"https:\/\/www.eggtray.org\/wp-content\/uploads\/2022\/08\/baling-machine-for-egg-trays.webp 540w, https:\/\/www.eggtray.org\/wp-content\/uploads\/2022\/08\/baling-machine-for-egg-trays-225x300.webp 225w\" sizes=\"auto, (max-width: 540px) 100vw, 540px\" \/><figcaption>Balarmaskin f\u00f6r \u00e4ggtrays<\/figcaption><\/figure> <\/figure>    <h2 class=\"wp-block-heading\"><strong>Huduma zinazotolewa na Shuliy Machinery<\/strong><\/h2>    <ol class=\"wp-block-list\"><li>Anpassning. Inte bara \u00e4ggbrickspackmaskinen utan \u00e4ven \u00e4ggbricksproduktionsmaskinen kan anpassas.<\/li><li>Tj\u00e4nst efter f\u00f6rs\u00e4ljning. Efter att ha mottagit de relevanta maskinerna \u00e4r tj\u00e4nsten efter f\u00f6rs\u00e4ljning ocks\u00e5 viktig. Den kan hj\u00e4lpa kunderna att snabbt anv\u00e4nda maskinen och f\u00e5 sina intressen.<\/li><li>Dygnet runt service. Oavsett vilken tid p\u00e5 dygnet det \u00e4r kan du alltid n\u00e5 oss vid f\u00f6rsta tillf\u00e4lle.<\/li><li>Olika typer av maskiner. Oavsett vilken typ av maskin du vill k\u00f6pa kan vi v\u00e4lja den \u00e5t dig f\u00f6rsta g\u00e5ngen.<\/li><\/ol>    <h2 class=\"wp-block-heading\" id=\"h-specifications-of-the-egg-tray-packing-machine\"><strong>Mif specifications ya mashine ya pakiti tray za mayai<\/strong><\/h2>    <figure class=\"wp-block-table\"><table><tbody><tr><td>Maskinnamn<\/td><td>Balarmaskin f\u00f6r \u00e4ggkartonger<\/td><\/tr><tr><td>Str\u00f6mk\u00e4lla<\/td><td>Pneumatisk<\/td><\/tr><tr><td>Automatiseringstyp<\/td><td>Automatisering<\/td><\/tr><tr><td>Maskinf\u00e4rg<\/td><td>Anpassning<\/td><\/tr><tr><td>Program<\/td><td>Tray mbalimbali za karatasi, kama tray za mayai, tray za tufaha, tray za mayai ya quail, nk<\/td><\/tr><tr><td>Kazi<\/td><td>Kifurushi<\/td><\/tr><\/tbody><\/table><\/figure>","protected":false},"excerpt":{"rendered":"<p>This egg tray packing machine is mainly used for the last step of the complete paper tray production line, for baling various paper trays. After packing, the trays are more neatly. This is necessary for storage and transportation. For storage, it can save space and store more egg trays. For transportation, it is possible to [&hellip;]<\/p>\n","protected":false},"author":1,"featured_media":355,"parent":0,"template":"","tags":[10,44,45],"product-type":[6],"class_list":["post-353","product","type-product","status-publish","has-post-thumbnail","hentry","tag-egg-tray-machine","tag-egg-tray-packing-machine","tag-egg-tray-stacker","product-type-auxiliary-equipment"],"_links":{"self":[{"href":"https:\/\/www.eggtray.org\/sw\/wp-json\/wp\/v2\/product\/353","targetHints":{"allow":["GET"]}}],"collection":[{"href":"https:\/\/www.eggtray.org\/sw\/wp-json\/wp\/v2\/product"}],"about":[{"href":"https:\/\/www.eggtray.org\/sw\/wp-json\/wp\/v2\/types\/product"}],"author":[{"embeddable":true,"href":"https:\/\/www.eggtray.org\/sw\/wp-json\/wp\/v2\/users\/1"}],"wp:featuredmedia":[{"embeddable":true,"href":"https:\/\/www.eggtray.org\/sw\/wp-json\/wp\/v2\/media\/355"}],"wp:attachment":[{"href":"https:\/\/www.eggtray.org\/sw\/wp-json\/wp\/v2\/media?parent=353"}],"wp:term":[{"taxonomy":"post_tag","embeddable":true,"href":"https:\/\/www.eggtray.org\/sw\/wp-json\/wp\/v2\/tags?post=353"},{"taxonomy":"product-type","embeddable":true,"href":"https:\/\/www.eggtray.org\/sw\/wp-json\/wp\/v2\/product-type?post=353"}],"curies":[{"name":"wp","href":"https:\/\/api.w.org\/{rel}","templated":true}]}}