{"id":488,"date":"2022-11-09T13:46:00","date_gmt":"2022-11-09T05:46:00","guid":{"rendered":"https:\/\/www.eggtray.org\/?post_type=product&#038;p=488"},"modified":"2025-10-30T13:45:15","modified_gmt":"2025-10-30T05:45:15","slug":"1000pcs-h-egg-tray-forming-machine","status":"publish","type":"product","link":"https:\/\/www.eggtray.org\/sw\/product\/1000pcs-h-egg-tray-forming-machine\/","title":{"rendered":"1000ST\/H \u00c4ggbricka formningsmaskin"},"content":{"rendered":"<p class=\"translation-block\"><strong>Mashine hii ya kutengeneza trei za mayai<\/strong> ni mashine ndogo ya kurudisha nyuma inayotengeneza vipande 1000 kwa saa, ambayo inafanya mashine hiyo kuwa bora kwa viwanda vidogo na anza-ups.\u00aa <\/p>    <p>Katika siku zijazo, ikiwa unataka kupanua uzalishaji wako, unaweza kununua mashine nyingine kubwa ya kutengeneza tray za mayai. <\/p>    <p>Ikiwa una mahitaji yoyote, tafadhali usisite kuwasiliana nasi na wafanyakazi wetu wa kitaalamu watakupa suluhisho bora la biashara.<\/p>    <figure class=\"wp-block-embed is-type-video is-provider-youtube wp-block-embed-youtube wp-embed-aspect-16-9 wp-has-aspect-ratio\"><div class=\"wp-block-embed__wrapper\"> <iframe loading=\"lazy\" title=\"Starta din \u00e4ggf\u00f6rpackningsverksamhet r\u00e4tt: Liten skala \u00e4ggbricka maskin starttest &amp; drift\" width=\"500\" height=\"281\" src=\"https:\/\/www.youtube.com\/embed\/6pk53GNZnV0?feature=oembed\" frameborder=\"0\" allow=\"accelerometer; autoplay; clipboard-write; encrypted-media; gyroscope; picture-in-picture; web-share\" referrerpolicy=\"strict-origin-when-cross-origin\" allowfullscreen><\/iframe> <\/div><figcaption class=\"wp-element-caption\">mashine ndogo ya kutengeneza tray za mayai kwa biashara ya kuanzisha<\/figcaption><\/figure>    <h2 class=\"wp-block-heading\"><strong>Pappersbrickor som kan produceras f\u00f6r dina behov<\/strong><\/h2>    <p class=\"translation-block\">Mashine ya kutengeneza trei za mayai ya Shuliy 1000pcs\/h inaweza kutengeneza kila aina ya trei, ikiwa ni pamoja na lakini sio tu kwa <strong>trei za mayai, makreti ya mayai, trei za matunda, trei za vikombe vya kahawa, trei za viatu, trei za kitalu, trei za bakuli, trei za matibabu, trei za divai, makreti ya chakula cha mchana, trei zilizobinafsishwa<\/strong> na zaidi. <\/p>    <p>Ni muhimu kutambua kwamba mashine yetu ya tray ya mayai inaweza kuzalisha aina zote za tray na pia inaweza kubinafsisha tray ili kukidhi mahitaji yako.<\/p>   <div class=\"wp-block-image\"> <figure class=\"aligncenter size-full\"><img loading=\"lazy\" decoding=\"async\" width=\"720\" height=\"540\" src=\"https:\/\/www.eggtray.org\/wp-content\/uploads\/2022\/11\/paper-trays.webp\" alt=\"sahani za karatasi\" class=\"wp-image-497\" title=\"\" srcset=\"https:\/\/www.eggtray.org\/wp-content\/uploads\/2022\/11\/paper-trays.webp 720w, https:\/\/www.eggtray.org\/wp-content\/uploads\/2022\/11\/paper-trays-300x225.webp 300w\" sizes=\"auto, (max-width: 720px) 100vw, 720px\" \/><figcaption class=\"wp-element-caption\">pappersbrickor<\/figcaption><\/figure> <\/div>   <h2 class=\"wp-block-heading\"><strong>Mifano inayotumika kwa mashine ya kutengeneza tray za mayai 1000pcs\/h<\/strong><\/h2>    <p>Kama soko la kitaalamu la mashine za tray za mayai na mtengenezaji &amp; msambazaji, molds zetu za mashine ya tray ya mayai zinaweza kutengenezwa kwa vifaa tofauti. <\/p>    <p>Tuna molds zilizotengenezwa kwa alumini na plastiki. Umbo la mold linategemea umbo la tray ya yai unayotaka kuzalisha. <\/p>    <p>Hivyo unaweza kutuambia ukubwa wa tray yako ya yai na tutabinafsisha molds ili kukidhi ukubwa wa tray ya yai.<\/p>    <figure class=\"wp-block-gallery aligncenter has-nested-images columns-default is-cropped wp-block-gallery-2 is-layout-flex wp-block-gallery-is-layout-flex\"> <figure class=\"wp-block-image size-full\"><img loading=\"lazy\" decoding=\"async\" width=\"720\" height=\"540\" data-id=\"378\" src=\"https:\/\/www.eggtray.org\/wp-content\/uploads\/2022\/08\/different-paper-tray-molds.webp\" alt=\"mifano tofauti ya tray za karatasi\" class=\"wp-image-378\" title=\"\" srcset=\"https:\/\/www.eggtray.org\/wp-content\/uploads\/2022\/08\/different-paper-tray-molds.webp 720w, https:\/\/www.eggtray.org\/wp-content\/uploads\/2022\/08\/different-paper-tray-molds-300x225.webp 300w\" sizes=\"auto, (max-width: 720px) 100vw, 720px\" \/><figcaption class=\"wp-element-caption\">Olika papperskartongformar<\/figcaption><\/figure>    <figure class=\"wp-block-image size-full\"><img loading=\"lazy\" decoding=\"async\" width=\"720\" height=\"540\" data-id=\"310\" src=\"https:\/\/www.eggtray.org\/wp-content\/uploads\/2022\/08\/molds.webp\" alt=\"former\" class=\"wp-image-310\" title=\"\" srcset=\"https:\/\/www.eggtray.org\/wp-content\/uploads\/2022\/08\/molds.webp 720w, https:\/\/www.eggtray.org\/wp-content\/uploads\/2022\/08\/molds-300x225.webp 300w\" sizes=\"auto, (max-width: 720px) 100vw, 720px\" \/><figcaption class=\"wp-element-caption\">Formar<\/figcaption><\/figure>    <figure class=\"wp-block-image size-full\"><img loading=\"lazy\" decoding=\"async\" width=\"720\" height=\"540\" data-id=\"311\" src=\"https:\/\/www.eggtray.org\/wp-content\/uploads\/2022\/08\/molding-shape.webp\" alt=\"Formningsform\" class=\"wp-image-311\" title=\"\" srcset=\"https:\/\/www.eggtray.org\/wp-content\/uploads\/2022\/08\/molding-shape.webp 720w, https:\/\/www.eggtray.org\/wp-content\/uploads\/2022\/08\/molding-shape-300x225.webp 300w\" sizes=\"auto, (max-width: 720px) 100vw, 720px\" \/><figcaption class=\"wp-element-caption\">Formande form<\/figcaption><\/figure> <\/figure>    <h2 class=\"wp-block-heading\"><strong>Kwa nini uchague mashine ya kutengeneza tray za mayai ya Shuliy 1000pcs\/h?<\/strong><\/h2>    <ul class=\"wp-block-list\"> <li><strong>Maskinens prisf\u00f6rdel<\/strong>Eftersom Shuliy \u00e4r ett produktions- och f\u00f6rs\u00e4ljningsf\u00f6retag, \u00e4r priset p\u00e5 maskinen fabrikspris. J\u00e4mf\u00f6rt med andra s\u00e4ljare har Shuliy \u00e4ggbricka formningsmaskin en mer p\u00e5taglig prisf\u00f6rdel.<\/li>    <li><strong>Frekventa exporter<\/strong>. Mashine ya tray ya mayai ya Shuliy ina ubora mzuri na inajulikana sana kwa wateja wa kigeni na mara nyingi inasafirishwa kwenda nchi kama <strong>Kamerun, Saudiarabien, Zambia och Nigeria<\/strong>.<\/li>    <li><strong>T\u00e4nksam service. <\/strong>Oavsett vilken tid kunderna st\u00e4ller olika fr\u00e5gor, kommer v\u00e5r personal att svara omedelbart n\u00e4r de l\u00e4ser det, och svara kunderna mycket snabbt, och kan ocks\u00e5 effektivt l\u00f6sa problemet.<\/li>    <li><strong>M\u00e5ngsidig maskinkapacitet<\/strong>Maskin yetu ya kutengeneza tray za mayai sio tu 1000pcs\/h, bali pia 1000-1500pc\/h, 2000pcs\/h, hadi 8000pcs\/h, bila kujali ni uwezo gani unataka, mashine zetu zinaweza kukidhi mahitaji yako.<\/li> <\/ul>   <div class=\"wp-block-image\"> <figure class=\"aligncenter size-full\"><img loading=\"lazy\" decoding=\"async\" width=\"720\" height=\"540\" src=\"https:\/\/www.eggtray.org\/wp-content\/uploads\/2024\/01\/well-designed-paper-egg-carton-making-machine.webp\" alt=\"v\u00e4lutformad pappers\u00e4ggkartongstillverkningsmaskin\" class=\"wp-image-959\" title=\"\" srcset=\"https:\/\/www.eggtray.org\/wp-content\/uploads\/2024\/01\/well-designed-paper-egg-carton-making-machine.webp 720w, https:\/\/www.eggtray.org\/wp-content\/uploads\/2024\/01\/well-designed-paper-egg-carton-making-machine-300x225.webp 300w\" sizes=\"auto, (max-width: 720px) 100vw, 720px\" \/><figcaption class=\"wp-element-caption\">v\u00e4lutformad pappers\u00e4ggkartongstillverkningsmaskin<\/figcaption><\/figure> <\/div>   <h2 class=\"wp-block-heading\"><strong>Vifaa vya ziada kwa mashine kamili ya kutengeneza tray za mayai za karatasi <\/strong><\/h2>    <p class=\"translation-block\">Kwa mashine hii ya trei za mayai 1000pcs\/h, kuna mashine na vifaa vingi vilivyojumuishwa ili kuunda <a href=\"https:\/\/www.eggtray.org\/sw\/product\/egg-tray-production-line-egg-tray-machine\/\">mstari kamili wa utengenezaji wa trei za mayai<\/a>. <\/p>    <p>Kuna pulper ya hidroliki, pampu ya vacuum, compressor ya hewa, baler ya tray ya mayai, na dryer wa jadi.<\/p>   <div class=\"wp-block-image\"> <figure class=\"aligncenter size-full\"><img loading=\"lazy\" decoding=\"async\" width=\"720\" height=\"540\" src=\"https:\/\/www.eggtray.org\/wp-content\/uploads\/2022\/11\/matching-equipment-for-1000pcs-egg-tray-forming-machine.webp\" alt=\"vifaa vinavyolingana kwa mashine ya kutengeneza tray ya mayai ya 1000pcs\/h\" class=\"wp-image-509\" title=\"\" srcset=\"https:\/\/www.eggtray.org\/wp-content\/uploads\/2022\/11\/matching-equipment-for-1000pcs-egg-tray-forming-machine.webp 720w, https:\/\/www.eggtray.org\/wp-content\/uploads\/2022\/11\/matching-equipment-for-1000pcs-egg-tray-forming-machine-300x225.webp 300w\" sizes=\"auto, (max-width: 720px) 100vw, 720px\" \/><figcaption class=\"wp-element-caption\">vifaa vinavyolingana kwa mashine ya kutengeneza tray ya mayai ya 1000pcs\/h<\/figcaption><\/figure> <\/div>   <h2 class=\"wp-block-heading\"><strong>Miradi ya mashine ya kutengeneza tray za mayai ya Shuliy 1000pcs\/h<\/strong><\/h2>    <p>Mashine ya kutengeneza tray ya mayai ya Shuliy 1000pcs\/h ni vifaa vinavyouzwa sana kwa waanziaji au wawekezaji au wafanyabiashara wa kiwango kidogo. <\/p>    <p class=\"translation-block\">Aina hii ya mashine ya kutengenezea trei za mayai imeuzwa kwa zaidi ya nchi 80, ikiwa ni pamoja na <strong>Zambia, Kamerun, Saudi Arabia, Nigeria, Mali, Sudan, Ghana, Algeria<\/strong>, n.k. <\/p>    <p>Om du \u00e4r intresserad av denna maskin, v\u00e4lkommen att kontakta oss!<\/p>    <figure class=\"wp-block-gallery aligncenter has-nested-images columns-default is-cropped wp-block-gallery-3 is-layout-flex wp-block-gallery-is-layout-flex\"> <figure class=\"wp-block-image size-full\"><img loading=\"lazy\" decoding=\"async\" width=\"720\" height=\"540\" data-id=\"507\" src=\"https:\/\/www.eggtray.org\/wp-content\/uploads\/2022\/11\/reciprocating-egg-tray-forming-machine.webp\" alt=\"maskin f\u00f6r att forma \u00e4ggbricka med \u00e5terkoppling\" class=\"wp-image-507\" title=\"\" srcset=\"https:\/\/www.eggtray.org\/wp-content\/uploads\/2022\/11\/reciprocating-egg-tray-forming-machine.webp 720w, https:\/\/www.eggtray.org\/wp-content\/uploads\/2022\/11\/reciprocating-egg-tray-forming-machine-300x225.webp 300w\" sizes=\"auto, (max-width: 720px) 100vw, 720px\" \/><figcaption class=\"wp-element-caption\">Rekyl\u00e4ggtrayformningsmaskin<\/figcaption><\/figure>    <figure class=\"wp-block-image size-full\"><img loading=\"lazy\" decoding=\"async\" width=\"720\" height=\"540\" data-id=\"506\" src=\"https:\/\/www.eggtray.org\/wp-content\/uploads\/2022\/11\/reciprocating-egg-tray-forming-machine-sold-to-Zambia.webp\" alt=\"maskini wa kutengeneza tray za mayai zinazorejea ziliuzwa kwa Zambia\" class=\"wp-image-506\" title=\"\" srcset=\"https:\/\/www.eggtray.org\/wp-content\/uploads\/2022\/11\/reciprocating-egg-tray-forming-machine-sold-to-Zambia.webp 720w, https:\/\/www.eggtray.org\/wp-content\/uploads\/2022\/11\/reciprocating-egg-tray-forming-machine-sold-to-Zambia-300x225.webp 300w\" sizes=\"auto, (max-width: 720px) 100vw, 720px\" \/><figcaption class=\"wp-element-caption\">Rekyl\u00e4ggbricka formningsmaskin s\u00e5ld till Zambia<\/figcaption><\/figure> <\/figure>    <h2 class=\"wp-block-heading\"><strong>Parametrar f\u00f6r 1000st\/h \u00e4ggbricksstillverkningsmaskin<\/strong><\/h2>    <p>Fr\u00e5n tabellen nedan kan du enkelt f\u00f6rst\u00e5 grundl\u00e4ggande information om SL-3*1A \u00e4ggbricka maskinen, n\u00e4mligen 1000st\/h \u00e4ggbricka formningsmaskin. <\/p>    <figure class=\"wp-block-table\"><table><tbody><tr><td>Modell<\/td><td>SL-3*1A<\/td><\/tr><tr><td>Voltage<\/td><td>220v\/380v\/50hz<\/td><\/tr><tr><td>Energik\u00e4lla<\/td><td>2.2kW<\/td><\/tr><tr><td>Kapacitet<\/td><td>1000st\/h<\/td><\/tr><tr><td>Mallstorlek<\/td><td>1.23m*0.4m<\/td><\/tr><tr><td>Hasa ya kufanya kazi<\/td><td>mara 6 kwa dakika<\/td><\/tr><tr><td>Ukubwa<\/td><td>1.7*1*2m<\/td><\/tr><\/tbody><\/table><figcaption class=\"wp-element-caption\">Specifikationer f\u00f6r liten \u00e4ggtraystillverkningsmaskin<\/figcaption><\/figure>    <p class=\"translation-block\">Ikiwa unataka kujua kuhusu mashine hii, tafadhali tuambie mahitaji yako, kama vile trei ya karatasi (kama <a href=\"https:\/\/en.wikipedia.org\/wiki\/Egg_carton\" target=\"_blank\" rel=\"noopener\">kikwata cha mayai<\/a>) unachotaka kutengeneza, nyenzo ya kifaa unachotaka, bajeti yako, n.k., na meneja wetu wa mauzo atatoa suluhisho bora linalokidhi mahitaji yako.<\/p>    <figure class=\"wp-block-gallery has-nested-images columns-default is-cropped wp-block-gallery-4 is-layout-flex wp-block-gallery-is-layout-flex\"> <figure class=\"wp-block-image size-large\"><img loading=\"lazy\" decoding=\"async\" width=\"720\" height=\"540\" data-id=\"945\" src=\"https:\/\/www.eggtray.org\/wp-content\/uploads\/2023\/12\/manual-egg-tray-making-machine.webp\" alt=\"Manuell \u00e4ggtr\u00e5gmaskin\" class=\"wp-image-945\" title=\"\" srcset=\"https:\/\/www.eggtray.org\/wp-content\/uploads\/2023\/12\/manual-egg-tray-making-machine.webp 720w, https:\/\/www.eggtray.org\/wp-content\/uploads\/2023\/12\/manual-egg-tray-making-machine-300x225.webp 300w\" sizes=\"auto, (max-width: 720px) 100vw, 720px\" \/><figcaption class=\"wp-element-caption\">Manuell \u00e4ggbricka tillverkningsmaskin<\/figcaption><\/figure>    <figure class=\"wp-block-image size-large\"><img loading=\"lazy\" decoding=\"async\" width=\"720\" height=\"540\" data-id=\"322\" src=\"https:\/\/www.eggtray.org\/wp-content\/uploads\/2022\/08\/paper-tray-machine-manufacturer.webp\" alt=\"mtengenezaji wa mashine za tray za karatasi\" class=\"wp-image-322\" title=\"\" srcset=\"https:\/\/www.eggtray.org\/wp-content\/uploads\/2022\/08\/paper-tray-machine-manufacturer.webp 720w, https:\/\/www.eggtray.org\/wp-content\/uploads\/2022\/08\/paper-tray-machine-manufacturer-300x225.webp 300w\" sizes=\"auto, (max-width: 720px) 100vw, 720px\" \/><figcaption class=\"wp-element-caption\">Tillverkare av pappersbricka-maskiner<\/figcaption><\/figure> <\/figure>    <h2 class=\"wp-block-heading\"><strong>Video ya maoni kuhusu mashine ya kutengeneza tray za mayai 1000pcs\/h<\/strong><\/h2>    <figure class=\"wp-block-embed is-type-video is-provider-youtube wp-block-embed-youtube wp-embed-aspect-16-9 wp-has-aspect-ratio\"><div class=\"wp-block-embed__wrapper\"> <iframe loading=\"lazy\" title=\"Kamerun anatumia mashine ya kutengeneza tray za mayai ya Shuliy 1000pcs\/h kwa utengenezaji wa trays 30 kwa kutumia karatasi taka.\" width=\"500\" height=\"281\" src=\"https:\/\/www.youtube.com\/embed\/9H41SmorzIo?feature=oembed\" frameborder=\"0\" allow=\"accelerometer; autoplay; clipboard-write; encrypted-media; gyroscope; picture-in-picture; web-share\" referrerpolicy=\"strict-origin-when-cross-origin\" allowfullscreen><\/iframe> <\/div><figcaption class=\"wp-element-caption\">fabriki ya kutengeneza tray za mayai kutoka Kamerun <\/figcaption><\/figure>","protected":false},"excerpt":{"rendered":"<p>Mashine hii ya kutengeneza tray za mayai inazalisha tray 1000 za mayai kwa saa, ambayo inafanya mashine hii kuwa bora kwa viwanda vidogo na biashara za kuanzishwa. <\/p>","protected":false},"author":1,"featured_media":495,"parent":0,"template":"","tags":[62,11,88],"product-type":[61,5,4],"class_list":["post-488","product","type-product","status-publish","has-post-thumbnail","hentry","tag-egg-tray-forming-machine","tag-egg-tray-making-machine","tag-egg-trays","product-type-by-capacity","product-type-main-equipment","product-type-product"],"_links":{"self":[{"href":"https:\/\/www.eggtray.org\/sw\/wp-json\/wp\/v2\/product\/488","targetHints":{"allow":["GET"]}}],"collection":[{"href":"https:\/\/www.eggtray.org\/sw\/wp-json\/wp\/v2\/product"}],"about":[{"href":"https:\/\/www.eggtray.org\/sw\/wp-json\/wp\/v2\/types\/product"}],"author":[{"embeddable":true,"href":"https:\/\/www.eggtray.org\/sw\/wp-json\/wp\/v2\/users\/1"}],"wp:featuredmedia":[{"embeddable":true,"href":"https:\/\/www.eggtray.org\/sw\/wp-json\/wp\/v2\/media\/495"}],"wp:attachment":[{"href":"https:\/\/www.eggtray.org\/sw\/wp-json\/wp\/v2\/media?parent=488"}],"wp:term":[{"taxonomy":"post_tag","embeddable":true,"href":"https:\/\/www.eggtray.org\/sw\/wp-json\/wp\/v2\/tags?post=488"},{"taxonomy":"product-type","embeddable":true,"href":"https:\/\/www.eggtray.org\/sw\/wp-json\/wp\/v2\/product-type?post=488"}],"curies":[{"name":"wp","href":"https:\/\/api.w.org\/{rel}","templated":true}]}}