{"id":512,"date":"2022-11-10T13:48:29","date_gmt":"2022-11-10T05:48:29","guid":{"rendered":"https:\/\/www.eggtray.org\/?post_type=product&#038;p=512"},"modified":"2025-10-30T11:45:09","modified_gmt":"2025-10-30T03:45:09","slug":"1000-1500pcs-pulp-egg-tray-making-machine","status":"publish","type":"product","link":"https:\/\/www.eggtray.org\/sw\/product\/1000-1500pcs-pulp-egg-tray-making-machine\/","title":{"rendered":"1000-1500ST\/H Pulp\u00e4ggbricka tillverkningsmaskin"},"content":{"rendered":"<p class=\"translation-block\">Mashine ya kutengeneza trei za mayai ya mabati ya vipande 1000-1500 kwa saa ni uzalishaji mdogo wa trei za mayai kwa kutumia mashine ya mzunguko, ambayo inafaa sana kwa biashara ndogo au kampuni inayojitosa. <\/p>    <p>F\u00f6r investerare kan denna lilla \u00e4ggbricka maskin minska investeringsrisken och samtidigt ge vinst, vilket g\u00f6r den till en mycket praktisk maskin.<\/p>    <figure class=\"wp-block-embed is-type-video is-provider-youtube wp-block-embed-youtube wp-embed-aspect-16-9 wp-has-aspect-ratio\"><div class=\"wp-block-embed__wrapper\"> <iframe loading=\"lazy\" title=\"1000 stycken\/h \u00e4ggbricka tillverkningsmaskin f\u00f6r pappersbricka | Hur fungerar pappersbricka formningsmaskinen?\" width=\"500\" height=\"281\" src=\"https:\/\/www.youtube.com\/embed\/ZTEkNhmunNg?feature=oembed\" frameborder=\"0\" allow=\"accelerometer; autoplay; clipboard-write; encrypted-media; gyroscope; picture-in-picture; web-share\" referrerpolicy=\"strict-origin-when-cross-origin\" allowfullscreen><\/iframe> <\/div><figcaption class=\"wp-element-caption\">video av liten \u00e4ggbricka maskin f\u00f6r start-up f\u00f6retag<\/figcaption><\/figure>    <h2 class=\"wp-block-heading\"><strong>R\u00e5material tillg\u00e4ngliga f\u00f6r 1000-1500 st\/h pulp \u00e4ggbricka tillverkningsmaskin <\/strong><\/h2>    <p>F\u00f6r denna \u00e4ggbricka tillverkningsmaskin \u00e4r r\u00e5materialen som anv\u00e4nds f\u00f6r att producera maskinen b\u00e5de billiga och l\u00e4tta att f\u00e5 tag p\u00e5 och \u00e4r f\u00f6ljande: <br>Pappersavfall, pappavfall, halm, trimningar, avfall b\u00f6cker, avfall bokl\u00e5dor, avfall tidningar och tidskrifter, A4 kopieringspapper, etc.<\/p>    <figure class=\"wp-block-gallery aligncenter has-nested-images columns-2 is-cropped wp-block-gallery-2 is-layout-flex wp-block-gallery-is-layout-flex\"> <figure class=\"wp-block-image size-large\"><img loading=\"lazy\" decoding=\"async\" width=\"720\" height=\"540\" data-id=\"233\" src=\"https:\/\/www.eggtray.org\/wp-content\/uploads\/2022\/08\/waste-materials-1.webp\" alt=\"avfallsmaterial\" class=\"wp-image-233\" title=\"\" srcset=\"https:\/\/www.eggtray.org\/wp-content\/uploads\/2022\/08\/waste-materials-1.webp 720w, https:\/\/www.eggtray.org\/wp-content\/uploads\/2022\/08\/waste-materials-1-300x225.webp 300w\" sizes=\"auto, (max-width: 720px) 100vw, 720px\" \/><figcaption class=\"wp-element-caption\">Avfallsmaterial<\/figcaption><\/figure>    <figure class=\"wp-block-image size-large\"><img loading=\"lazy\" decoding=\"async\" width=\"720\" height=\"540\" data-id=\"136\" src=\"https:\/\/www.eggtray.org\/wp-content\/uploads\/2022\/08\/waste-cardboard.webp\" alt=\"avfallskartong\" class=\"wp-image-136\" title=\"\" srcset=\"https:\/\/www.eggtray.org\/wp-content\/uploads\/2022\/08\/waste-cardboard.webp 720w, https:\/\/www.eggtray.org\/wp-content\/uploads\/2022\/08\/waste-cardboard-300x225.webp 300w\" sizes=\"auto, (max-width: 720px) 100vw, 720px\" \/><figcaption class=\"wp-element-caption\">Avfallskartong<\/figcaption><\/figure>    <figure class=\"wp-block-image size-large\"><img loading=\"lazy\" decoding=\"async\" width=\"720\" height=\"540\" data-id=\"135\" src=\"https:\/\/www.eggtray.org\/wp-content\/uploads\/2022\/08\/waste-materials.webp\" alt=\"avfallsmaterial\" class=\"wp-image-135\" title=\"\" srcset=\"https:\/\/www.eggtray.org\/wp-content\/uploads\/2022\/08\/waste-materials.webp 720w, https:\/\/www.eggtray.org\/wp-content\/uploads\/2022\/08\/waste-materials-300x225.webp 300w\" sizes=\"auto, (max-width: 720px) 100vw, 720px\" \/><figcaption class=\"wp-element-caption\">Skrotmaterial<\/figcaption><\/figure>    <figure class=\"wp-block-image size-large\"><img loading=\"lazy\" decoding=\"async\" width=\"720\" height=\"540\" data-id=\"134\" src=\"https:\/\/www.eggtray.org\/wp-content\/uploads\/2022\/08\/waste-paper.webp\" alt=\"avfallspapper\" class=\"wp-image-134\" title=\"\" srcset=\"https:\/\/www.eggtray.org\/wp-content\/uploads\/2022\/08\/waste-paper.webp 720w, https:\/\/www.eggtray.org\/wp-content\/uploads\/2022\/08\/waste-paper-300x225.webp 300w\" sizes=\"auto, (max-width: 720px) 100vw, 720px\" \/><figcaption class=\"wp-element-caption\">Pappersavfall<\/figcaption><\/figure> <\/figure>    <h2 class=\"wp-block-heading\"><strong>Slutprodukter tillverkade av SL-3*1 \u00e4ggbricka maskin<\/strong><\/h2>    <p>Mashine ya kutengeneza tray za mayai ya pulp ya 1000-1500pcs\/h inaweza kutengeneza tray tofauti za karatasi kulingana na mahitaji ya mteja. Kwanza, tray ya karatasi unayotaka inatambuliwa, kisha mold inayofaa inatumika, hatimaye, tray sahihi zinatengenezwa.<\/p>    <p>Mikono ya karatasi ambazo zinaweza kutengenezwa ni pamoja na lakini sio tu tray za mayai, masanduku ya mayai, mikono ya tufaa\/matunda, mikono ya vikombe vya kahawa, mikono ya viatu, mikono ya divai, mikono ya miche, mikono ya matibabu, mikono ya mayai ya quail, mikono maalum, n.k. Ikiwa una nia, karibisha kuwasiliana nasi wakati wowote!<\/p>    <figure class=\"wp-block-gallery aligncenter has-nested-images columns-default is-cropped wp-block-gallery-3 is-layout-flex wp-block-gallery-is-layout-flex\"> <figure class=\"wp-block-image size-large\"><img loading=\"lazy\" decoding=\"async\" width=\"720\" height=\"540\" data-id=\"54\" src=\"https:\/\/www.eggtray.org\/wp-content\/uploads\/2022\/08\/egg-tray-1.webp\" alt=\"tray za mayai\" class=\"wp-image-54\" title=\"\" srcset=\"https:\/\/www.eggtray.org\/wp-content\/uploads\/2022\/08\/egg-tray-1.webp 720w, https:\/\/www.eggtray.org\/wp-content\/uploads\/2022\/08\/egg-tray-1-300x225.webp 300w\" sizes=\"auto, (max-width: 720px) 100vw, 720px\" \/><figcaption class=\"wp-element-caption\">Kifuniko cha Mayai<\/figcaption><\/figure>    <figure class=\"wp-block-image size-large\"><img loading=\"lazy\" decoding=\"async\" width=\"720\" height=\"540\" data-id=\"49\" src=\"https:\/\/www.eggtray.org\/wp-content\/uploads\/2022\/08\/egg-carton-.webp\" alt=\"katoni ya mayai\" class=\"wp-image-49\" title=\"\" srcset=\"https:\/\/www.eggtray.org\/wp-content\/uploads\/2022\/08\/egg-carton-.webp 720w, https:\/\/www.eggtray.org\/wp-content\/uploads\/2022\/08\/egg-carton--300x225.webp 300w\" sizes=\"auto, (max-width: 720px) 100vw, 720px\" \/><figcaption class=\"wp-element-caption\">Karton ya mayai<\/figcaption><\/figure>    <figure class=\"wp-block-image size-large\"><img loading=\"lazy\" decoding=\"async\" width=\"720\" height=\"540\" data-id=\"50\" src=\"https:\/\/www.eggtray.org\/wp-content\/uploads\/2022\/08\/apple-tray.webp\" alt=\"tray ya tufaha\" class=\"wp-image-50\" title=\"\" srcset=\"https:\/\/www.eggtray.org\/wp-content\/uploads\/2022\/08\/apple-tray.webp 720w, https:\/\/www.eggtray.org\/wp-content\/uploads\/2022\/08\/apple-tray-300x225.webp 300w\" sizes=\"auto, (max-width: 720px) 100vw, 720px\" \/><figcaption class=\"wp-element-caption\">Tray ya Apple<\/figcaption><\/figure>    <figure class=\"wp-block-image size-large\"><img loading=\"lazy\" decoding=\"async\" width=\"720\" height=\"540\" data-id=\"51\" src=\"https:\/\/www.eggtray.org\/wp-content\/uploads\/2022\/08\/coffee-tray-.webp\" alt=\"fataki ya kahawa\" class=\"wp-image-51\" title=\"\" srcset=\"https:\/\/www.eggtray.org\/wp-content\/uploads\/2022\/08\/coffee-tray-.webp 720w, https:\/\/www.eggtray.org\/wp-content\/uploads\/2022\/08\/coffee-tray--300x225.webp 300w\" sizes=\"auto, (max-width: 720px) 100vw, 720px\" \/><figcaption class=\"wp-element-caption\">Tray ya Kahawa<\/figcaption><\/figure>    <figure class=\"wp-block-image size-large\"><img loading=\"lazy\" decoding=\"async\" width=\"720\" height=\"540\" data-id=\"52\" src=\"https:\/\/www.eggtray.org\/wp-content\/uploads\/2022\/08\/shoe-tray-.webp\" alt=\"fataki ya viatu\" class=\"wp-image-52\" title=\"\" srcset=\"https:\/\/www.eggtray.org\/wp-content\/uploads\/2022\/08\/shoe-tray-.webp 720w, https:\/\/www.eggtray.org\/wp-content\/uploads\/2022\/08\/shoe-tray--300x225.webp 300w\" sizes=\"auto, (max-width: 720px) 100vw, 720px\" \/><figcaption class=\"wp-element-caption\">Tray ya Viatu<\/figcaption><\/figure>    <figure class=\"wp-block-image size-full\"><img loading=\"lazy\" decoding=\"async\" width=\"720\" height=\"540\" data-id=\"521\" src=\"https:\/\/www.eggtray.org\/wp-content\/uploads\/2022\/11\/wine-tray-.webp\" alt=\"vinbricka\" class=\"wp-image-521\" title=\"\" srcset=\"https:\/\/www.eggtray.org\/wp-content\/uploads\/2022\/11\/wine-tray-.webp 720w, https:\/\/www.eggtray.org\/wp-content\/uploads\/2022\/11\/wine-tray--300x225.webp 300w\" sizes=\"auto, (max-width: 720px) 100vw, 720px\" \/><figcaption class=\"wp-element-caption\">Bord f\u00f6r vin<\/figcaption><\/figure> <\/figure>    <h2 class=\"wp-block-heading\"><strong>Varf\u00f6r v\u00e4lja Shuliy pulp \u00e4ggbricka tillverkningsmaskin?<\/strong><\/h2>    <p>Faktum \u00e4r att det finns m\u00e5nga anledningar till varf\u00f6r kunder v\u00e4ljer v\u00e5ra Shuliy-maskiner, f\u00f6ljande punkter \u00e4r bara n\u00e5gra av de m\u00e5nga anledningarna f\u00f6r din referens.<\/p>    <ul class=\"wp-block-list\"> <li><strong>P\u00e5litligt m\u00e4rke<\/strong>. Shuliy \u00e4ggbricka maskiner exporteras ofta till mer \u00e4n 80 l\u00e4nder, s\u00e5som Zambia, Nigeria, Saudiarabien, Angola, Namibia, etc.<\/li>    <li><strong>Harmonisk kundrelation<\/strong>Vi bedriver verksamhet med m\u00e5let att uppn\u00e5 \u00f6msesidig l\u00f6nsamhet, och n\u00e4r vi rekommenderar maskiner till v\u00e5ra kunder kommer vi att g\u00f6ra v\u00e5rt b\u00e4sta f\u00f6r att s\u00e4kerst\u00e4lla intressena f\u00f6r b\u00e5de v\u00e5ra kunder och oss sj\u00e4lva, f\u00f6r att uppn\u00e5 m\u00e5let med samarbete som gynnar b\u00e5da parter.<\/li>    <li><strong>F\u00f6rdelaktigt pris p\u00e5 pulp \u00e4ggbricka tillverkningsmaskin<\/strong>. Som en professionell producent och leverant\u00f6r av <a href=\"https:\/\/www.eggtray.org\/sw\/product\/egg-tray-making-machine\/\">mashine ya tray za mayai<\/a>priset p\u00e5 v\u00e5r maskin \u00e4r konkurrenskraftigt. Eftersom v\u00e5ra maskiner s\u00e4ljs direkt fr\u00e5n fabriken finns det ingen extra prisp\u00e5l\u00e4gg j\u00e4mf\u00f6rt med andra leverant\u00f6rer.<\/li> <\/ul>   <div class=\"wp-block-image\"> <figure class=\"aligncenter size-full\"><img loading=\"lazy\" decoding=\"async\" width=\"720\" height=\"540\" src=\"https:\/\/www.eggtray.org\/wp-content\/uploads\/2022\/08\/Shuliy-egg-tray-machine.webp\" alt=\"Maskin f\u00f6r \u00e4ggplattor Shuliy\" class=\"wp-image-409\" title=\"\" srcset=\"https:\/\/www.eggtray.org\/wp-content\/uploads\/2022\/08\/Shuliy-egg-tray-machine.webp 720w, https:\/\/www.eggtray.org\/wp-content\/uploads\/2022\/08\/Shuliy-egg-tray-machine-300x225.webp 300w\" sizes=\"auto, (max-width: 720px) 100vw, 720px\" \/><figcaption class=\"wp-element-caption\">Maskin f\u00f6r \u00e4ggplattor Shuliy<\/figcaption><\/figure> <\/div>   <h2 class=\"wp-block-heading\"><strong>Framg\u00e5ngsrika fall av 1000-1500 st\/h pulp \u00e4ggbricka maskin<\/strong><\/h2>    <p>Mashine za tray za mayai za Shuliy zina sifa za ubora mzuri, utendaji mzuri, ufanisi wa juu, na uwezo tofauti. Hivyo basi, zinapendwa sana nyumbani na nje ya nchi na mara nyingi hupelekwa nje ya nchi. Kwa mfano:<\/p>    <ul class=\"wp-block-list\"> <li>Tumezaa nje Nigeria mara nyingi, na wateja wa Nigeria wamenunua seti 1 ya mashine ya kutengeneza tray za mayai ya pulp yenye uwezo wa 1000-1500pcs\/h kwanza, na kisha wakanunua vifaa vingine vinavyolingana (mashine ya kuchakata karatasi) ili kuongeza ufanisi wa uzalishaji.<\/li>    <li>Den zambiska kunden best\u00e4llde en Shuliy SL-3*1 \u00e4ggbricka maskin som kan producera fruktr\u00e4tter.<\/li> <\/ul>    <figure class=\"wp-block-gallery has-nested-images columns-default is-cropped wp-block-gallery-4 is-layout-flex wp-block-gallery-is-layout-flex\"> <figure class=\"wp-block-image size-large\"><img loading=\"lazy\" decoding=\"async\" width=\"720\" height=\"540\" data-id=\"1156\" src=\"https:\/\/www.eggtray.org\/wp-content\/uploads\/2025\/08\/small-egg-tray-making-machine-for-sale.webp\" alt=\"mashine ndogo ya kutengeneza trei za mayai inauzwa\" class=\"wp-image-1156\" title=\"\" srcset=\"https:\/\/www.eggtray.org\/wp-content\/uploads\/2025\/08\/small-egg-tray-making-machine-for-sale.webp 720w, https:\/\/www.eggtray.org\/wp-content\/uploads\/2025\/08\/small-egg-tray-making-machine-for-sale-300x225.webp 300w, https:\/\/www.eggtray.org\/wp-content\/uploads\/2025\/08\/small-egg-tray-making-machine-for-sale-16x12.webp 16w\" sizes=\"auto, (max-width: 720px) 100vw, 720px\" \/><figcaption class=\"wp-element-caption\">Mashine Ndogo ya Kutengeneza Trei za Mayai Inauzwa<\/figcaption><\/figure>    <figure class=\"wp-block-image size-large\"><img loading=\"lazy\" decoding=\"async\" width=\"720\" height=\"540\" data-id=\"957\" src=\"https:\/\/www.eggtray.org\/wp-content\/uploads\/2024\/01\/small-scale-egg-tray-making-machine.webp\" alt=\"liten skala \u00e4ggbricka tillverkningsmaskin\" class=\"wp-image-957\" title=\"\" srcset=\"https:\/\/www.eggtray.org\/wp-content\/uploads\/2024\/01\/small-scale-egg-tray-making-machine.webp 720w, https:\/\/www.eggtray.org\/wp-content\/uploads\/2024\/01\/small-scale-egg-tray-making-machine-300x225.webp 300w\" sizes=\"auto, (max-width: 720px) 100vw, 720px\" \/><figcaption class=\"wp-element-caption\">Liten skala \u00e4ggbricka tillverkningsmaskin<\/figcaption><\/figure> <\/figure>    <h2 class=\"wp-block-heading\"><strong>Parametrar f\u00f6r 1000-1500 st\/h roterande pulp \u00e4ggbricka tillverkningsmaskin till salu<\/strong><\/h2>    <p>Nedanst\u00e5ende tabell visar specifikationerna f\u00f6r den roterande SL-3*1 \u00e4ggbricka tillverkningsmaskinen, med en kapacitet p\u00e5 1000-1500 stycken\/h. <\/p>    <figure class=\"wp-block-table\"><table><tbody><tr><td>Modell<\/td><td>SL-3*1<\/td><\/tr><tr><td>Voltage<\/td><td>220v\/380v\/50hz<\/td><\/tr><tr><td>Energik\u00e4lla<\/td><td>2.2kW<\/td><\/tr><tr><td>Kapacitet<\/td><td>1000-1500pcs\/h<\/td><\/tr><tr><td>Mallstorlek<\/td><td>1.23m*0.4m<\/td><\/tr><tr><td>Hasa ya kufanya kazi<\/td><td>7 g\u00e5nger\/minut<\/td><\/tr><tr><td>Ukubwa<\/td><td>2.3*1.2*1.6m<\/td><\/tr><\/tbody><\/table><figcaption class=\"wp-element-caption\">specifikationer f\u00f6r liten pappers\u00e4ggsbricka maskin<\/figcaption><\/figure>    <figure class=\"wp-block-embed is-type-video is-provider-youtube wp-block-embed-youtube wp-embed-aspect-16-9 wp-has-aspect-ratio\"><div class=\"wp-block-embed__wrapper\"> <iframe loading=\"lazy\" title=\"Mashine bora ya kutengeneza tray za karatasi za kiwango kidogo | Mashine ya kutengeneza tray za mayai 1000pcs kwa saa #trayzakaratasi\" width=\"500\" height=\"281\" src=\"https:\/\/www.youtube.com\/embed\/KdIsUl_Oggc?feature=oembed\" frameborder=\"0\" allow=\"accelerometer; autoplay; clipboard-write; encrypted-media; gyroscope; picture-in-picture; web-share\" referrerpolicy=\"strict-origin-when-cross-origin\" allowfullscreen><\/iframe> <\/div><figcaption class=\"wp-element-caption\">kazi video ya mashine ya kutengeneza tray ndogo za mayai<\/figcaption><\/figure>    <p class=\"translation-block\">Ikiwa unataka kupata faida kutokana na <a href=\"https:\/\/en.wikipedia.org\/wiki\/Paper_recycling\" target=\"_blank\" rel=\"noopener\">karatasi chakavu<\/a>, tuambie mahitaji yako, kama vile aina za trei za karatasi, ukubwa wa ukungu, uwezo, n.k., na wafanyakazi wetu watakupa suluhisho bora.<\/p>    <figure class=\"wp-block-embed is-type-video is-provider-youtube wp-block-embed-youtube wp-embed-aspect-16-9 wp-has-aspect-ratio\"><div class=\"wp-block-embed__wrapper\"> <iframe loading=\"lazy\" title=\"Hur man producerar en \u00e4ggkartong med 18 fack med \u00e4ggl\u00e5demaskin? Effektiv produktion av \u00e4ggkartonger.\" width=\"500\" height=\"281\" src=\"https:\/\/www.youtube.com\/embed\/2u6UAwwYXMM?feature=oembed\" frameborder=\"0\" allow=\"accelerometer; autoplay; clipboard-write; encrypted-media; gyroscope; picture-in-picture; web-share\" referrerpolicy=\"strict-origin-when-cross-origin\" allowfullscreen><\/iframe> <\/div><figcaption class=\"wp-element-caption\">mashine ya tray ya mayai ya karatasi ya mayai 18<\/figcaption><\/figure>","protected":false},"excerpt":{"rendered":"<p>Maskin f\u00f6r tillverkning av pulp\u00e4ggtr\u00e5g med kapacitet p\u00e5 1000-1500 stycken\/timme \u00e4r en sm\u00e5skalig roterande produktion av \u00e4ggtr\u00e5g, vilket \u00e4r mycket l\u00e4mpligt f\u00f6r ett litet f\u00f6retag eller en nystart. <\/p>","protected":false},"author":1,"featured_media":516,"parent":0,"template":"","tags":[11,88,63],"product-type":[61,5,4],"class_list":["post-512","product","type-product","status-publish","has-post-thumbnail","hentry","tag-egg-tray-making-machine","tag-egg-trays","tag-pulp-egg-tray-making-machine","product-type-by-capacity","product-type-main-equipment","product-type-product"],"_links":{"self":[{"href":"https:\/\/www.eggtray.org\/sw\/wp-json\/wp\/v2\/product\/512","targetHints":{"allow":["GET"]}}],"collection":[{"href":"https:\/\/www.eggtray.org\/sw\/wp-json\/wp\/v2\/product"}],"about":[{"href":"https:\/\/www.eggtray.org\/sw\/wp-json\/wp\/v2\/types\/product"}],"author":[{"embeddable":true,"href":"https:\/\/www.eggtray.org\/sw\/wp-json\/wp\/v2\/users\/1"}],"wp:featuredmedia":[{"embeddable":true,"href":"https:\/\/www.eggtray.org\/sw\/wp-json\/wp\/v2\/media\/516"}],"wp:attachment":[{"href":"https:\/\/www.eggtray.org\/sw\/wp-json\/wp\/v2\/media?parent=512"}],"wp:term":[{"taxonomy":"post_tag","embeddable":true,"href":"https:\/\/www.eggtray.org\/sw\/wp-json\/wp\/v2\/tags?post=512"},{"taxonomy":"product-type","embeddable":true,"href":"https:\/\/www.eggtray.org\/sw\/wp-json\/wp\/v2\/product-type?post=512"}],"curies":[{"name":"wp","href":"https:\/\/api.w.org\/{rel}","templated":true}]}}