{"id":530,"date":"2022-11-11T15:48:22","date_gmt":"2022-11-11T07:48:22","guid":{"rendered":"https:\/\/www.eggtray.org\/?post_type=product&#038;p=530"},"modified":"2025-10-30T14:50:28","modified_gmt":"2025-10-30T06:50:28","slug":"1500-2000pcs-h-egg-tray-molding-machine","status":"publish","type":"product","link":"https:\/\/www.eggtray.org\/sw\/product\/1500-2000pcs-h-egg-tray-molding-machine\/","title":{"rendered":"1500-2000ST\/H \u00c4ggbricka formningsmaskin"},"content":{"rendered":"<p class=\"translation-block\">1500-2000pcs\/h <strong>mashine ya kutengeneza trei za mayai<\/strong> inazalisha trei za karatasi za ubora wa juu kwa uwezo wa 1500-2000pcs\/h kutoka kwa karatasi taka ili kupata faida. <\/p>    <p>Tunaweza kutengeneza aina zote za trays za mayai, ikiwa ni pamoja na trays za mayai, masanduku ya mayai, trays za kuzaa, trays za divai, trays za vikombe vya kahawa, trays za matibabu, trays za matunda, trays za mayai ya bata mzinga, na trays za karatasi zilizotengenezwa kwa kawaida. <\/p>    <p>Unaweza kutuambia ni aina gani ya tray unahitaji, na tutakutengenezea mashine inayofaa ya tray za karatasi.<\/p>    <figure class=\"wp-block-embed is-type-video is-provider-youtube wp-block-embed-youtube wp-embed-aspect-16-9 wp-has-aspect-ratio\"><div class=\"wp-block-embed__wrapper\"> <iframe loading=\"lazy\" title=\"Liten \u00e4ggbr\u00e4desmaskin f\u00f6r produktion av pappersbr\u00e4den och \u00e4ggkartonger: l\u00e4mplig f\u00f6r nystartade f\u00f6retag\" width=\"500\" height=\"281\" src=\"https:\/\/www.youtube.com\/embed\/hHqsjrIIexs?feature=oembed\" frameborder=\"0\" allow=\"accelerometer; autoplay; clipboard-write; encrypted-media; gyroscope; picture-in-picture; web-share\" referrerpolicy=\"strict-origin-when-cross-origin\" allowfullscreen><\/iframe> <\/div><figcaption class=\"wp-element-caption\">video kuhusu mashine ndogo ya kutengeneza tray za mayai<\/figcaption><\/figure>    <h2 class=\"wp-block-heading\"><strong>Faida za mashine ya kutengeneza tray za mayai SL-4*1<\/strong><\/h2>    <ul class=\"wp-block-list\"> <li><strong>Kapasitet p\u00e5 1500-2000stk\/h<\/strong>L\u00e4mplig f\u00f6r produktionsbehoven hos sm\u00e5 och medelstora f\u00f6retag, och f\u00f6rb\u00e4ttrar effektivt produktionskapaciteten f\u00f6r att m\u00f6ta marknadens efterfr\u00e5gan.<\/li>    <li><strong>L\u00e4gre investering och underh\u00e5llskostnader<\/strong>: Punguza uwekezaji wa awali na gharama za uendeshaji, ikitoa chaguo la gharama nafuu zaidi kwa biashara ndogo na za kati.<\/li>    <li><strong>Enkel design och anv\u00e4ndarv\u00e4nlig drift<\/strong>: Fanya kazi mashine kwa ufanisi baada ya mafunzo rahisi.<\/li>    <li><strong>M\u00e5ngsidighet<\/strong>: Mbali na kutengeneza tray za mayai, tray nyingine za karatasi zinaweza kutengenezwa, kama tray za matunda, tray za chupa za divai, n.k.<\/li> <\/ul>    <figure class=\"wp-block-gallery has-nested-images columns-default is-cropped wp-block-gallery-2 is-layout-flex wp-block-gallery-is-layout-flex\"> <figure class=\"wp-block-image size-full\"><img loading=\"lazy\" decoding=\"async\" width=\"720\" height=\"540\" data-id=\"1038\" src=\"https:\/\/www.eggtray.org\/wp-content\/uploads\/2024\/06\/egg-tray-moulding-machine-for-sale.webp\" alt=\"maskin f\u00f6r formar av \u00e4ggtr\u00e5g till salu\" class=\"wp-image-1038\" title=\"\" srcset=\"https:\/\/www.eggtray.org\/wp-content\/uploads\/2024\/06\/egg-tray-moulding-machine-for-sale.webp 720w, https:\/\/www.eggtray.org\/wp-content\/uploads\/2024\/06\/egg-tray-moulding-machine-for-sale-300x225.webp 300w, https:\/\/www.eggtray.org\/wp-content\/uploads\/2024\/06\/egg-tray-moulding-machine-for-sale-16x12.webp 16w\" sizes=\"auto, (max-width: 720px) 100vw, 720px\" \/><figcaption class=\"wp-element-caption\">\u00c4ggbricka Formningsmaskin Till Salu<\/figcaption><\/figure>    <figure class=\"wp-block-image size-full\"><img loading=\"lazy\" decoding=\"async\" width=\"720\" height=\"540\" data-id=\"1039\" src=\"https:\/\/www.eggtray.org\/wp-content\/uploads\/2024\/06\/quality-egg-tray-machine.webp\" alt=\"maskini wa tray za mayai wa ubora\" class=\"wp-image-1039\" title=\"\" srcset=\"https:\/\/www.eggtray.org\/wp-content\/uploads\/2024\/06\/quality-egg-tray-machine.webp 720w, https:\/\/www.eggtray.org\/wp-content\/uploads\/2024\/06\/quality-egg-tray-machine-300x225.webp 300w, https:\/\/www.eggtray.org\/wp-content\/uploads\/2024\/06\/quality-egg-tray-machine-16x12.webp 16w\" sizes=\"auto, (max-width: 720px) 100vw, 720px\" \/><figcaption class=\"wp-element-caption\">Kvalitets\u00e4ggbricka maskin<\/figcaption><\/figure> <\/figure>    <h2 class=\"wp-block-heading\"><strong>Parameta za mashine ya kutengeneza tray za mayai 1500-2000pcs\/h<\/strong><\/h2>    <p>Fr\u00e5n tabellen nedan har denna typ av pappersbricka tillverkningsmaskin en kapacitet p\u00e5 1500-2000 stycken per timme. Och konsumtionen av papper och vatten har listats, med ett visst v\u00e4rde f\u00f6r att visa detta. <\/p>    <p class=\"translation-block\">Bila shaka, <a href=\"https:\/\/www.eggtray.org\/sw\/product\/egg-tray-making-machine\/\">mashine zetu za trei za mayai<\/a> pia zina uwezo mwingine, kama vile 1000-1500pcs\/h, meneja wetu wa mauzo atakupa inayofaa kulingana na mahitaji yako.<\/p>    <div class=\"wp-block-media-text alignwide is-stacked-on-mobile\"><figure class=\"wp-block-media-text__media\"><img loading=\"lazy\" decoding=\"async\" width=\"720\" height=\"540\" src=\"https:\/\/www.eggtray.org\/wp-content\/uploads\/2022\/11\/egg-tray-molding-machine.webp\" alt=\"maskini wa kutengeneza tray za mayai\" class=\"wp-image-556 size-full\" title=\"\" srcset=\"https:\/\/www.eggtray.org\/wp-content\/uploads\/2022\/11\/egg-tray-molding-machine.webp 720w, https:\/\/www.eggtray.org\/wp-content\/uploads\/2022\/11\/egg-tray-molding-machine-300x225.webp 300w\" sizes=\"auto, (max-width: 720px) 100vw, 720px\" \/><\/figure><div class=\"wp-block-media-text__content\"> <figure class=\"wp-block-table\"><table><tbody><tr><td>Modell<\/td><td>SL-4*1<\/td><\/tr><tr><td>Kapacitet<\/td><td>1500-2000st\/h<\/td><\/tr><tr><td>Pappersf\u00f6rbrukning<\/td><td>160kg\/h<\/td><\/tr><tr><td>Vattenf\u00f6rbrukning<\/td><td>380kg\/h<\/td><\/tr><tr><td>Energi som anv\u00e4nds<\/td><td>45kW\/h<\/td><\/tr><tr><td>Arbetare<\/td><td>3-4<\/td><\/tr><\/tbody><\/table><figcaption class=\"wp-element-caption\">specifikationer f\u00f6r \u00e4ggbricka maskin<\/figcaption><\/figure> <\/div><\/div>    <h2 class=\"wp-block-heading\"><strong>Mifano ya mashine ya kutengeneza tray za mayai 1500-2000pcs\/h<\/strong><\/h2>    <p>Vi har b\u00e5de plast- och aluminiumformar. Och h\u00e5llbarheten f\u00f6r formarna \u00e4r minst ett \u00e5r. Dessutom kan v\u00e5ra formar ocks\u00e5 producera olika typer av pappersbrickor. <\/p>    <p>S\u00e5 l\u00e4nge du beh\u00f6ver pappl\u00e5dor kan vi anpassa de motsvarande formarna enligt pappl\u00e5dorna, oavsett om de \u00e4r gjorda av plast eller aluminium enligt dina krav.<\/p>    <figure class=\"wp-block-gallery aligncenter has-nested-images columns-default is-cropped wp-block-gallery-3 is-layout-flex wp-block-gallery-is-layout-flex\"> <figure class=\"wp-block-image size-full\"><img loading=\"lazy\" decoding=\"async\" width=\"720\" height=\"600\" data-id=\"554\" src=\"https:\/\/www.eggtray.org\/wp-content\/uploads\/2022\/11\/plastic-moulds.webp\" alt=\"plastformar\" class=\"wp-image-554\" title=\"\" srcset=\"https:\/\/www.eggtray.org\/wp-content\/uploads\/2022\/11\/plastic-moulds.webp 720w, https:\/\/www.eggtray.org\/wp-content\/uploads\/2022\/11\/plastic-moulds-300x250.webp 300w\" sizes=\"auto, (max-width: 720px) 100vw, 720px\" \/><figcaption class=\"wp-element-caption\">Plastformar<\/figcaption><\/figure>    <figure class=\"wp-block-image size-full\"><img loading=\"lazy\" decoding=\"async\" width=\"720\" height=\"600\" data-id=\"553\" src=\"https:\/\/www.eggtray.org\/wp-content\/uploads\/2022\/11\/aluminum-moulds-1.webp\" alt=\"aluminiumformar-1\" class=\"wp-image-553\" title=\"\" srcset=\"https:\/\/www.eggtray.org\/wp-content\/uploads\/2022\/11\/aluminum-moulds-1.webp 720w, https:\/\/www.eggtray.org\/wp-content\/uploads\/2022\/11\/aluminum-moulds-1-300x250.webp 300w\" sizes=\"auto, (max-width: 720px) 100vw, 720px\" \/><figcaption class=\"wp-element-caption\">Mifumo ya Alumini <\/figcaption><\/figure> <\/figure>    <h2 class=\"wp-block-heading\"><strong>Njia ya kukausha kwa mashine ya kutengeneza pulp ya Shuliy SL-4*1<\/strong><\/h2>    <p>Faktiskt finns det tre metoder f\u00f6r torkning, n\u00e4mligen naturlig torkning, tegelugnstorkning och metalls torkning. <\/p>    <p>F\u00f6r en kapacitet p\u00e5 1500-2000 stycken per timme \u00e4r den naturliga torkningsmetoden den mest l\u00e4mpliga. Sk\u00e4len \u00e4r f\u00f6ljande:<\/p>    <div class=\"wp-block-columns is-layout-flex wp-container-core-columns-is-layout-9d6595d7 wp-block-columns-is-layout-flex\"> <div class=\"wp-block-column is-layout-flow wp-block-column-is-layout-flow\"> <ul class=\"wp-block-list\"> <li>Uzalishaji wa kiwango kidogo<\/li> <\/ul> <\/div>    <div class=\"wp-block-column is-layout-flow wp-block-column-is-layout-flow\"> <ul class=\"wp-block-list\"> <li>Gharama ya mashine ya chini <\/li> <\/ul> <\/div> <\/div>    <div class=\"wp-block-columns is-layout-flex wp-container-core-columns-is-layout-9d6595d7 wp-block-columns-is-layout-flex\"> <div class=\"wp-block-column is-layout-flow wp-block-column-is-layout-flow\"> <ul class=\"wp-block-list\"> <li>Kiuchumi na gharama nafuu<\/li> <\/ul> <\/div>    <div class=\"wp-block-column is-layout-flow wp-block-column-is-layout-flow\"> <ul class=\"wp-block-list\"> <li>Kuokoa kazi na kuokoa nishati<\/li> <\/ul> <\/div> <\/div>    <h2 class=\"wp-block-heading\"><strong>Huduma zinazotolewa kwa mashine ya tray za mayai Shuliy 4*1 <\/strong><\/h2>   <div class=\"wp-block-image\"> <figure class=\"aligncenter size-full\"><img loading=\"lazy\" decoding=\"async\" width=\"720\" height=\"540\" src=\"https:\/\/www.eggtray.org\/wp-content\/uploads\/2022\/11\/paper-egg-tray-molding-machine.webp\" alt=\"maskin f\u00f6r formar av pappers\u00e4ggtr\u00e5g\" class=\"wp-image-560\" title=\"\" srcset=\"https:\/\/www.eggtray.org\/wp-content\/uploads\/2022\/11\/paper-egg-tray-molding-machine.webp 720w, https:\/\/www.eggtray.org\/wp-content\/uploads\/2022\/11\/paper-egg-tray-molding-machine-300x225.webp 300w\" sizes=\"auto, (max-width: 720px) 100vw, 720px\" \/><figcaption class=\"wp-element-caption\">maskin f\u00f6r formar av pappers\u00e4ggtr\u00e5g<\/figcaption><\/figure> <\/div>   <div class=\"wp-block-columns is-layout-flex wp-container-core-columns-is-layout-9d6595d7 wp-block-columns-is-layout-flex\"> <div class=\"wp-block-column is-layout-flow wp-block-column-is-layout-flow\"> <p class=\"has-text-align-left translation-block\"><strong>Huduma ya mtu kwa mtu<\/strong><\/p>    <p class=\"has-text-align-left has-cyan-bluish-gray-background-color has-background has-small-font-size\">Vi erbjuder kunderna en-till-en-service och tillhandah\u00e5ller r\u00e4tt maskin baserat p\u00e5 v\u00e5r professionella solid kunskap.<\/p> <\/div>    <div class=\"wp-block-column is-layout-flow wp-block-column-is-layout-flow\"> <p class=\"has-text-align-left translation-block\"><strong>Huduma baada ya mauzo<\/strong><\/p>    <p class=\"has-text-align-left has-cyan-bluish-gray-background-color has-background has-small-font-size\">Tunatoa huduma ya baada ya mauzo ya masaa 24 ili kutatua matatizo ya wateja, ili kurahisisha biashara zao.<\/p> <\/div>    <div class=\"wp-block-column is-layout-flow wp-block-column-is-layout-flow\"> <p class=\"translation-block\"><strong>Huduma maalum<\/strong><\/p>    <p class=\"has-cyan-bluish-gray-background-color has-background has-small-font-size\">Vi kan anpassa maskinformen, enligt storleken p\u00e5 pappersbr\u00e4den som du vill producera.<\/p> <\/div> <\/div>    <h2 class=\"wp-block-heading\"><strong>Kesi ya mafanikio ya mashine ya kutengeneza tray za mayai ya kiotomatiki ya Shuliy<\/strong><\/h2>    <p>Mashine yetu ya kutengeneza tray za mayai kila wakati inasafirishwa kwenda nchi za kigeni, hivyo, mashine hii ina sifa nzuri nje ya nchi. Kisha orodhesha kesi moja ya mafanikio kwa ajili ya rejeleo lako. <\/p>    <figure class=\"wp-block-embed is-type-wp-embed is-provider-shuliy-machinery wp-block-embed-shuliy-machinery\"><div class=\"wp-block-embed__wrapper\"> <blockquote class=\"wp-embedded-content\" data-secret=\"vkZTPMtsxV\"><a href=\"https:\/\/www.eggtray.org\/sw\/Info\/egg-tray-making-machine-for-sale-cameroon\/\">1500-2000 stycken\/timme \u00e4ggbr\u00e4desmaskin till salu i Kamerun<\/a><\/blockquote><iframe loading=\"lazy\" class=\"wp-embedded-content\" sandbox=\"allow-scripts\" security=\"restricted\" style=\"position: absolute; visibility: hidden;\" title=\"&quot;1500-2000pcs\/ora mashine ya kutengeneza tray za mayai inauzwa kwa Kamerun&quot; \u2014 Shuliy Machinery\" src=\"https:\/\/www.eggtray.org\/Info\/egg-tray-making-machine-for-sale-cameroon\/embed\/#?secret=FB8hDkypJ9#?secret=vkZTPMtsxV\" data-secret=\"vkZTPMtsxV\" width=\"500\" height=\"282\" frameborder=\"0\" marginwidth=\"0\" marginheight=\"0\" scrolling=\"no\"><\/iframe> <\/div><\/figure>    <h2 class=\"wp-block-heading\"><strong>Wasiliana nasi kwa maelezo zaidi kuhusu mashine!<\/strong><\/h2>    <p class=\"translation-block\">Je, unatafuta njia ya kupata pesa kutokana na <a href=\"https:\/\/en.wikipedia.org\/wiki\/Paper_recycling\" target=\"_blank\" rel=\"noopener\">karatasi taka<\/a>? Ikiwa ndivyo, tuwasiliane sasa na tutakupa suluhisho bora!<\/p>    <figure class=\"wp-block-embed is-type-video is-provider-youtube wp-block-embed-youtube wp-embed-aspect-16-9 wp-has-aspect-ratio\"><div class=\"wp-block-embed__wrapper\"> <iframe loading=\"lazy\" title=\"1500pcs\/h mashine ya tray za mayai mtihani | Mashine ya kutengeneza tray za karatasi kwa mchakato wa utengenezaji wa tray za mayai\" width=\"500\" height=\"281\" src=\"https:\/\/www.youtube.com\/embed\/Nq0zN0qMC9E?feature=oembed\" frameborder=\"0\" allow=\"accelerometer; autoplay; clipboard-write; encrypted-media; gyroscope; picture-in-picture; web-share\" referrerpolicy=\"strict-origin-when-cross-origin\" allowfullscreen><\/iframe> <\/div><figcaption class=\"wp-element-caption\">video ya mashine ya tray ya mayai 1500pcs\/h<\/figcaption><\/figure>","protected":false},"excerpt":{"rendered":"<p>1500-2000pcs\/h mashine ya kuunda tray za mayai ni maalum kwa ajili ya kutengeneza trays za karatasi za ubora wa juu zikiwa na uzalishaji wa 1500-2000pcs\/h kutoka kwa karatasi taka. <\/p>","protected":false},"author":1,"featured_media":552,"parent":0,"template":"","tags":[10,11,64,88],"product-type":[61,5,4],"class_list":["post-530","product","type-product","status-publish","has-post-thumbnail","hentry","tag-egg-tray-machine","tag-egg-tray-making-machine","tag-egg-tray-molding-mahcine","tag-egg-trays","product-type-by-capacity","product-type-main-equipment","product-type-product"],"_links":{"self":[{"href":"https:\/\/www.eggtray.org\/sw\/wp-json\/wp\/v2\/product\/530","targetHints":{"allow":["GET"]}}],"collection":[{"href":"https:\/\/www.eggtray.org\/sw\/wp-json\/wp\/v2\/product"}],"about":[{"href":"https:\/\/www.eggtray.org\/sw\/wp-json\/wp\/v2\/types\/product"}],"author":[{"embeddable":true,"href":"https:\/\/www.eggtray.org\/sw\/wp-json\/wp\/v2\/users\/1"}],"wp:featuredmedia":[{"embeddable":true,"href":"https:\/\/www.eggtray.org\/sw\/wp-json\/wp\/v2\/media\/552"}],"wp:attachment":[{"href":"https:\/\/www.eggtray.org\/sw\/wp-json\/wp\/v2\/media?parent=530"}],"wp:term":[{"taxonomy":"post_tag","embeddable":true,"href":"https:\/\/www.eggtray.org\/sw\/wp-json\/wp\/v2\/tags?post=530"},{"taxonomy":"product-type","embeddable":true,"href":"https:\/\/www.eggtray.org\/sw\/wp-json\/wp\/v2\/product-type?post=530"}],"curies":[{"name":"wp","href":"https:\/\/api.w.org\/{rel}","templated":true}]}}