{"id":562,"date":"2022-11-15T16:32:59","date_gmt":"2022-11-15T08:32:59","guid":{"rendered":"https:\/\/www.eggtray.org\/?post_type=product&#038;p=562"},"modified":"2025-10-30T15:03:24","modified_gmt":"2025-10-30T07:03:24","slug":"2000-2500pcs-h-automatic-egg-tray-machine","status":"publish","type":"product","link":"https:\/\/www.eggtray.org\/sw\/product\/2000-2500pcs-h-automatic-egg-tray-machine\/","title":{"rendered":"2000-2500ST\/H Automatisk \u00e4ggbricka maskin"},"content":{"rendered":"<p class=\"translation-block\">Kifaa hiki cha kiotomatiki cha kutengeneza trei za mayai cha vipande 2000-2500 kwa saa, modeli SL-3*4, kinaweza kutengeneza trei za mayai za aina na ukubwa mbalimbali, kwa pato la vipande 2000-2500 kwa saa. Kinafaa sana kwa wawekezaji na viwanda vya uzalishaji wa kati. <\/p>    <p>Denna pappers\u00e4ggbricka maskin \u00e4r speciellt anv\u00e4nd f\u00f6r att producera olika typer av pappersh\u00e5llare, s\u00e5som \u00e4ggbricka, \u00e4ggl\u00e5da, frukth\u00e5llare, vinbricka, etc.<\/p>    <p>Dessutom \u00e4r maskinens strukturdesign rimlig, mycket enkel och l\u00e4tt att f\u00f6rst\u00e5, och mycket anv\u00e4ndarv\u00e4nlig. Om du \u00e4r intresserad av s\u00e5dana maskiner, v\u00e4nligen kontakta oss!<\/p>    <figure class=\"wp-block-embed is-type-video is-provider-youtube wp-block-embed-youtube wp-embed-aspect-16-9 wp-has-aspect-ratio\"><div class=\"wp-block-embed__wrapper\"> <iframe loading=\"lazy\" title=\"Mashine ya kutengeneza tray ya karatasi ya 2000-2500pcs\/h ni bora kwa utengenezaji wa makasha ya mayai kwa wingi #papertray\" width=\"500\" height=\"281\" src=\"https:\/\/www.youtube.com\/embed\/1Q8NMlwahfI?feature=oembed\" frameborder=\"0\" allow=\"accelerometer; autoplay; clipboard-write; encrypted-media; gyroscope; picture-in-picture; web-share\" referrerpolicy=\"strict-origin-when-cross-origin\" allowfullscreen><\/iframe> <\/div><figcaption class=\"wp-element-caption\">arbetsvideo av SL-3*4 pappers\u00e4ggbricka maskin<\/figcaption><\/figure>    <h2 class=\"wp-block-heading\"><strong>Varf\u00f6r \u00e4r denna automatiska \u00e4ggbricka maskin s\u00e5 popul\u00e4r bland investerare?<\/strong><\/h2>    <ol class=\"wp-block-list\"> <li><strong>R\u00e5material \u00e4r l\u00e4tta att f\u00e5 tag p\u00e5<\/strong>. R\u00e5materialen f\u00f6r Shuliy <a href=\"https:\/\/www.eggtray.org\/sw\/product\/egg-tray-making-machine\/\">Maskin f\u00f6r produktion av \u00e4ggkartonger<\/a> \u00e4r alla typer av avfallspapper, avfall b\u00f6cker, avfall tidskrifter, etc. Dessa material \u00e4r mycket vanliga i livet och \u00e4r l\u00e4tta att f\u00e5.<\/li>    <li><strong>Ekonomisk<\/strong>En stor m\u00e4ngd avfallspapper kommer att produceras varje dag. Kostnaden f\u00f6r dessa material \u00e4r l\u00e5g, och den initiala investeringen f\u00f6r investerare kommer inte att vara f\u00f6r mycket.<\/li>    <li><strong>Skydda milj\u00f6n<\/strong>Ili kweli, malighafi zinazotumika katika mashine hii ya tray za mayai ya kiotomatiki zinatumika kwa matumizi ya pili, ambayo inakwepa uchafuzi wa mazingira na hivyo kulinda mazingira.<\/li>    <li><strong>H\u00f6ga vinster<\/strong>. Efter att en ton av avfallspapper har bearbetats och producerats, s\u00e4ljs \u00e4ggbrickan, och vinsten f\u00f6rdubblas direkt.<\/li>    <li><strong>Stort efterfr\u00e5gan<\/strong>I maisha ya kila siku ya watu, mahitaji ya mayai daima yamekuwa juu, hivyo wakulima wa kuku pia wamekuwa wengi, na mahitaji yanayotokana na trays za mayai ni makubwa.<\/li> <\/ol>    <figure class=\"wp-block-gallery aligncenter has-nested-images columns-default is-cropped wp-block-gallery-2 is-layout-flex wp-block-gallery-is-layout-flex\"> <figure class=\"wp-block-image size-full\"><img loading=\"lazy\" decoding=\"async\" width=\"720\" height=\"540\" data-id=\"576\" src=\"https:\/\/www.eggtray.org\/wp-content\/uploads\/2022\/11\/SL-3-4-automatic-egg-tray-machine.webp\" alt=\"SL-3*4 automatiska \u00e4ggbricka maskin\" class=\"wp-image-576\" title=\"\" srcset=\"https:\/\/www.eggtray.org\/wp-content\/uploads\/2022\/11\/SL-3-4-automatic-egg-tray-machine.webp 720w, https:\/\/www.eggtray.org\/wp-content\/uploads\/2022\/11\/SL-3-4-automatic-egg-tray-machine-300x225.webp 300w\" sizes=\"auto, (max-width: 720px) 100vw, 720px\" \/><figcaption class=\"wp-element-caption\">Sl-3*4 Automatisk \u00c4ggtraysmaskin<\/figcaption><\/figure>    <figure class=\"wp-block-image size-full\"><img loading=\"lazy\" decoding=\"async\" width=\"720\" height=\"540\" data-id=\"575\" src=\"https:\/\/www.eggtray.org\/wp-content\/uploads\/2022\/11\/2000-2500-egg-tray-machine.webp\" alt=\"2000-2500pcs\/h mashine ya tray ya mayai\" class=\"wp-image-575\" title=\"\" srcset=\"https:\/\/www.eggtray.org\/wp-content\/uploads\/2022\/11\/2000-2500-egg-tray-machine.webp 720w, https:\/\/www.eggtray.org\/wp-content\/uploads\/2022\/11\/2000-2500-egg-tray-machine-300x225.webp 300w\" sizes=\"auto, (max-width: 720px) 100vw, 720px\" \/><figcaption class=\"wp-element-caption\">2000-2500Pcs\/H \u00e4ggbricka maskin<\/figcaption><\/figure> <\/figure>    <h2 class=\"wp-block-heading\"><strong>Anpassade pappersbrickor f\u00f6r dig sj\u00e4lv<\/strong><\/h2>    <p>Som kund kan du ibland t\u00e4nka p\u00e5 olika typer av pappersbrickor, som skiljer sig fr\u00e5n \u00e4ggbrickor. <\/p>    <p>Vid denna tidpunkt beh\u00f6ver du veta storleken p\u00e5 pappersh\u00e5llaren du vill tillhandah\u00e5lla kunder med skr\u00e4ddarsydda maskiner. <\/p>    <p class=\"translation-block\">The paper trays we can produce include egg tray, <a href=\"https:\/\/en.wikipedia.org\/wiki\/Egg_carton\" target=\"_blank\" rel=\"noopener\">egg box<\/a>, fruit tray, seedling tray, medical tray, shoe tray, quail egg tray and customized tray. <\/p>    <p>I korthet, om du beh\u00f6ver producera n\u00e5gon typ av pappersh\u00e5llare, v\u00e4nligen kontakta oss. V\u00e5r f\u00f6rs\u00e4ljningschef kommer att anpassa den mest l\u00e4mpliga maskinen f\u00f6r dig enligt dina behov.<\/p>   <div class=\"wp-block-image\"> <figure class=\"aligncenter size-full\"><img loading=\"lazy\" decoding=\"async\" width=\"560\" height=\"400\" src=\"https:\/\/www.eggtray.org\/wp-content\/uploads\/2022\/08\/pulp-paper-trays.webp\" alt=\"korgpapperstr\u00e5g\" class=\"wp-image-309\" title=\"\" srcset=\"https:\/\/www.eggtray.org\/wp-content\/uploads\/2022\/08\/pulp-paper-trays.webp 560w, https:\/\/www.eggtray.org\/wp-content\/uploads\/2022\/08\/pulp-paper-trays-300x214.webp 300w\" sizes=\"auto, (max-width: 560px) 100vw, 560px\" \/><figcaption class=\"wp-element-caption\">korgpapperstr\u00e5g<\/figcaption><\/figure> <\/div>   <h2 class=\"wp-block-heading\"><strong>Torkningsmetoder som finns f\u00f6r Shuliy SL-3*4 automatisk \u00e4ggbricka maskin<\/strong><\/h2>    <p>Hii mashine ya tray ya mayai ya 2000-2500pcs\/h inafaa kwa uzalishaji wa kati, hivyo kuna njia tatu za kukausha za kuchagua.<\/p>    <div class=\"wp-block-columns is-layout-flex wp-container-core-columns-is-layout-9d6595d7 wp-block-columns-is-layout-flex\"> <div class=\"wp-block-column is-layout-flow wp-block-column-is-layout-flow\"> <figure class=\"wp-block-image size-full\"><img loading=\"lazy\" decoding=\"async\" width=\"720\" height=\"540\" src=\"https:\/\/www.eggtray.org\/wp-content\/uploads\/2022\/08\/drying-in-the-sun.webp\" alt=\"torkning i solen\" class=\"wp-image-338\" title=\"\" srcset=\"https:\/\/www.eggtray.org\/wp-content\/uploads\/2022\/08\/drying-in-the-sun.webp 720w, https:\/\/www.eggtray.org\/wp-content\/uploads\/2022\/08\/drying-in-the-sun-300x225.webp 300w\" sizes=\"auto, (max-width: 720px) 100vw, 720px\" \/><figcaption class=\"wp-element-caption\">Torkning i solen<\/figcaption><\/figure>    <p>Mer ekonomiskt men beh\u00f6ver tillr\u00e4cklig arbetskraft<\/p> <\/div>    <div class=\"wp-block-column is-layout-flow wp-block-column-is-layout-flow\"> <figure class=\"wp-block-image size-full\"><img loading=\"lazy\" decoding=\"async\" width=\"720\" height=\"540\" src=\"https:\/\/www.eggtray.org\/wp-content\/uploads\/2022\/08\/brick-kiln-drying.webp\" alt=\"t drying ya matofali\" class=\"wp-image-347\" title=\"\" srcset=\"https:\/\/www.eggtray.org\/wp-content\/uploads\/2022\/08\/brick-kiln-drying.webp 720w, https:\/\/www.eggtray.org\/wp-content\/uploads\/2022\/08\/brick-kiln-drying-300x225.webp 300w\" sizes=\"auto, (max-width: 720px) 100vw, 720px\" \/><figcaption class=\"wp-element-caption\">T drying ya Kijumba cha Matofali <\/figcaption><\/figure>    <p>Ni rahisi na haraka zaidi, lakini uwekezaji utakuwa mkubwa zaidi.<\/p> <\/div>    <div class=\"wp-block-column is-layout-flow wp-block-column-is-layout-flow\"> <figure class=\"wp-block-image size-full\"><img loading=\"lazy\" decoding=\"async\" width=\"720\" height=\"540\" src=\"https:\/\/www.eggtray.org\/wp-content\/uploads\/2022\/08\/metal-multiple-layer-egg-tray-dryer.webp\" alt=\"Metallflera lager \u00e4ggkartongtorkare\" class=\"wp-image-344\" title=\"\" srcset=\"https:\/\/www.eggtray.org\/wp-content\/uploads\/2022\/08\/metal-multiple-layer-egg-tray-dryer.webp 720w, https:\/\/www.eggtray.org\/wp-content\/uploads\/2022\/08\/metal-multiple-layer-egg-tray-dryer-300x225.webp 300w\" sizes=\"auto, (max-width: 720px) 100vw, 720px\" \/><figcaption class=\"wp-element-caption\">Metall Flerlagers \u00c4ggkorgstork <\/figcaption><\/figure>    <p>Inakauka kiotomatiki, ikiwa na ufanisi na kasi kubwa.<\/p> <\/div> <\/div>    <h2 class=\"wp-block-heading\"><strong>Framg\u00e5ngsrika fall av Shuliy SL-3*4 \u00e4ggbricka tillverkningsmaskin<\/strong><\/h2>    <p>Mashine yetu ya tray ya mayai ya kiotomatiki ina ubora na utendaji bora na ina wateja duniani kote. <\/p>    <p>Mashine yetu ya kutengeneza tray za mayai inasafirishwa kwenda Saudi Arabia, Nigeria, Zambia, Nigeria, Palestina, n.k. Wateja kutoka nchi hizi wanapenda sana mashine zetu. <\/p>    <p>Baada ya kutumia mashine, wanahisi kwamba athari ni nzuri sana. Wengine wao pia hununua tena wanapopanua uzalishaji wa masanduku ya mayai, kama wateja wa Nigeria.<\/p>    <h2 class=\"wp-block-heading\"><strong>Parametrar f\u00f6r Shuliy SL-3*4 automatisk \u00e4ggbricka maskin<\/strong><\/h2>    <figure class=\"wp-block-table\"><table><tbody><tr><td>Modell<\/td><td>Kapacitet<\/td><td>Pappersf\u00f6rbrukning<\/td><td>Vattenf\u00f6rbrukning<\/td><td>Energi som anv\u00e4nds<\/td><td>Arbetare<\/td><\/tr><tr><td>SL-3*4<\/td><td>2000-2500pcs\/h<\/td><td>200kg\/h<\/td><td>450kg\/h<\/td><td>58kW\/h<\/td><td>4-5<\/td><\/tr><\/tbody><\/table><figcaption class=\"wp-element-caption\">tekniska parametrar f\u00f6r papperskorgsmaskin<\/figcaption><\/figure>","protected":false},"excerpt":{"rendered":"<p>Hii mashine ya kiotomatiki ya tray za mayai ya 2000-2500pcs\/h inaweza kutengeneza tray za mayai za aina na saizi mbalimbali, inayofaa kwa wawekezaji na viwanda vya uzalishaji wa kati. <\/p>","protected":false},"author":1,"featured_media":570,"parent":0,"template":"","tags":[65,11,88],"product-type":[61,5,4],"class_list":["post-562","product","type-product","status-publish","has-post-thumbnail","hentry","tag-automatic-egg-tray-machine","tag-egg-tray-making-machine","tag-egg-trays","product-type-by-capacity","product-type-main-equipment","product-type-product"],"_links":{"self":[{"href":"https:\/\/www.eggtray.org\/sw\/wp-json\/wp\/v2\/product\/562","targetHints":{"allow":["GET"]}}],"collection":[{"href":"https:\/\/www.eggtray.org\/sw\/wp-json\/wp\/v2\/product"}],"about":[{"href":"https:\/\/www.eggtray.org\/sw\/wp-json\/wp\/v2\/types\/product"}],"author":[{"embeddable":true,"href":"https:\/\/www.eggtray.org\/sw\/wp-json\/wp\/v2\/users\/1"}],"wp:featuredmedia":[{"embeddable":true,"href":"https:\/\/www.eggtray.org\/sw\/wp-json\/wp\/v2\/media\/570"}],"wp:attachment":[{"href":"https:\/\/www.eggtray.org\/sw\/wp-json\/wp\/v2\/media?parent=562"}],"wp:term":[{"taxonomy":"post_tag","embeddable":true,"href":"https:\/\/www.eggtray.org\/sw\/wp-json\/wp\/v2\/tags?post=562"},{"taxonomy":"product-type","embeddable":true,"href":"https:\/\/www.eggtray.org\/sw\/wp-json\/wp\/v2\/product-type?post=562"}],"curies":[{"name":"wp","href":"https:\/\/api.w.org\/{rel}","templated":true}]}}