{"id":577,"date":"2022-11-16T16:51:33","date_gmt":"2022-11-16T08:51:33","guid":{"rendered":"https:\/\/www.eggtray.org\/?post_type=product&#038;p=577"},"modified":"2025-10-30T15:43:40","modified_gmt":"2025-10-30T07:43:40","slug":"3000-3500pcs-h-egg-tray-manufacturing-machine","status":"publish","type":"product","link":"https:\/\/www.eggtray.org\/sw\/product\/3000-3500pcs-h-egg-tray-manufacturing-machine\/","title":{"rendered":"3000-3500PCS\/H Maskin f\u00f6r tillverkning av \u00e4ggtr\u00e5g"},"content":{"rendered":"<p class=\"translation-block\">Hii 3000-3500pcs\/h <strong>mashine ya kutengeneza tray ya mayai<\/strong> inafaa sana kwa uzalishaji wa wingi wa tray za mayai. Kwa wawekezaji, aina hii ya mashine ya tray ya mayai ndiyo suluhisho bora kwa uzalishaji wa kiwango cha kati wa tray za karatasi.<\/p>    <figure class=\"wp-block-embed is-type-video is-provider-youtube wp-block-embed-youtube wp-embed-aspect-16-9 wp-has-aspect-ratio\"><div class=\"wp-block-embed__wrapper\"> <iframe loading=\"lazy\" title=\"3000-3500 st\/h \u00e4ggtraymaskin l\u00e4mplig f\u00f6r medelstora \u00e5tervinningsanl\u00e4ggningar f\u00f6r att g\u00f6ra vinster\" width=\"500\" height=\"281\" src=\"https:\/\/www.youtube.com\/embed\/rgCTtpcIBfU?feature=oembed\" frameborder=\"0\" allow=\"accelerometer; autoplay; clipboard-write; encrypted-media; gyroscope; picture-in-picture; web-share\" referrerpolicy=\"strict-origin-when-cross-origin\" allowfullscreen><\/iframe> <\/div><figcaption class=\"wp-element-caption\">arbetande video av SL-4*4 \u00e4ggbricka maskin<\/figcaption><\/figure>    <h2 class=\"wp-block-heading\"><strong>Parametrar f\u00f6r maskin f\u00f6r tillverkning av \u00e4ggkartonger 3000-3500 st\/h<\/strong><\/h2>    <figure class=\"wp-block-table\"><table><tbody><tr><td>Modell<\/td><td>Kapacitet<\/td><td>Pappersf\u00f6rbrukning<\/td><td>Vattenf\u00f6rbrukning<\/td><td>Energi som anv\u00e4nds<\/td><td>Arbetare<\/td><\/tr><tr><td>SL-4*4<\/td><td>3000-3500pcs\/h<\/td><td>280kg\/h<\/td><td>560kg\/h<\/td><td>78kW\/h<\/td><td>4-5<\/td><\/tr><\/tbody><\/table><figcaption class=\"wp-element-caption\">specifikationer f\u00f6r \u00e4ggbricka bildande maskin<\/figcaption><\/figure>    <p>Om du vill v\u00e4lja denna utrustning, p\u00e5 grund av den timm\u00e4ssiga produktionen av 3000-4500 stycken, s\u00e5 \u00e4r den b\u00e4sta torkmetoden metalltorkning. <\/p>    <p>Om du \u00e4r intresserad av detta eller har fr\u00e5gor, kontakta oss f\u00f6r mer information!<\/p>    <h2 class=\"wp-block-heading\"><strong>Hela proceduren f\u00f6r den kompletta tillverkningsprocessen av \u00e4ggkartonger<\/strong><\/h2>    <ol class=\"wp-block-list\"> <li><strong>Pulpering<\/strong>: l\u00e4gg de r\u00e5a materialen i <a href=\"https:\/\/nl.wikipedia.org\/wiki\/Pulper\" target=\"_blank\" rel=\"noreferrer noopener\">pulper <\/a>f\u00f6r att g\u00f6ra dem till pappersmassa.<\/li>    <li><strong>Formning<\/strong>: anv\u00e4nd papperskartongmaskinen f\u00f6r att forma de kartonger som du vill producera.<\/li>    <li><strong>Torkning<\/strong>: anta den r\u00e4tta metoden f\u00f6r att torka de bl\u00f6ta \u00e4ggkartongerna. Generellt finns det tre metoder: naturlig torkning, tegelugn torkning och metalltorkning.<\/li>    <li><strong>Varmpressning och balning<\/strong>: efter torkning, anv\u00e4nd den heta pressmaskinen f\u00f6r att forma papperskartongerna och anv\u00e4nd sedan balningsmaskinen f\u00f6r att binda f\u00f6r enkel lagring och transport.<\/li> <\/ol>   <div class=\"wp-block-image\"> <figure class=\"aligncenter size-full\"><img loading=\"lazy\" decoding=\"async\" width=\"720\" height=\"470\" src=\"https:\/\/www.eggtray.org\/wp-content\/uploads\/2022\/08\/flow-chart-of-the-egg-tray-production-line.webp\" alt=\"Fl\u00f6desschema f\u00f6r \u00e4ggkartongproduktionslinjen\" class=\"wp-image-221\" title=\"\" srcset=\"https:\/\/www.eggtray.org\/wp-content\/uploads\/2022\/08\/flow-chart-of-the-egg-tray-production-line.webp 720w, https:\/\/www.eggtray.org\/wp-content\/uploads\/2022\/08\/flow-chart-of-the-egg-tray-production-line-300x196.webp 300w\" sizes=\"auto, (max-width: 720px) 100vw, 720px\" \/><figcaption class=\"wp-element-caption\">Fl\u00f6desschema f\u00f6r \u00e4ggkartongproduktionslinjen <\/figcaption><\/figure> <\/div>   <h2 class=\"wp-block-heading\"><strong>3000-3500 st\/h VS 1500-2000 st\/h maskin f\u00f6r tillverkning av \u00e4ggkartonger<\/strong><\/h2>    <p>N\u00e4r du startar \u00e4ggtraysproduktionsverksamheten b\u00f6r du \u00f6verv\u00e4ga dina insatser, din budget, avkastningen osv. <\/p>    <p class=\"translation-block\">Kwa mfano, kuna aina mbili za <a href=\"https:\/\/www.eggtray.org\/sw\/product\/egg-tray-making-machine\/\" target=\"_blank\" rel=\"noreferrer noopener\">mashine ya kutengeneza tray ya mayai<\/a> zinazopatikana kwa biashara yako, unapaswa kuzingatia mambo yafuatayo, ikiwa ni pamoja na lakini sio tu.<\/p>    <figure class=\"wp-block-gallery aligncenter has-nested-images columns-default is-cropped wp-block-gallery-2 is-layout-flex wp-block-gallery-is-layout-flex\"> <figure class=\"wp-block-image size-large\"><img loading=\"lazy\" decoding=\"async\" width=\"720\" height=\"540\" data-id=\"560\" src=\"https:\/\/www.eggtray.org\/wp-content\/uploads\/2022\/11\/paper-egg-tray-molding-machine.webp\" alt=\"maskin f\u00f6r formar av pappers\u00e4ggtr\u00e5g\" class=\"wp-image-560\" title=\"\" srcset=\"https:\/\/www.eggtray.org\/wp-content\/uploads\/2022\/11\/paper-egg-tray-molding-machine.webp 720w, https:\/\/www.eggtray.org\/wp-content\/uploads\/2022\/11\/paper-egg-tray-molding-machine-300x225.webp 300w\" sizes=\"auto, (max-width: 720px) 100vw, 720px\" \/><figcaption class=\"wp-element-caption\">1500-2000Pcs\/H Mashine ya Kutengeneza Tray za Mayai<\/figcaption><\/figure>    <figure class=\"wp-block-image size-large\"><img loading=\"lazy\" decoding=\"async\" width=\"720\" height=\"540\" data-id=\"579\" src=\"https:\/\/www.eggtray.org\/wp-content\/uploads\/2022\/11\/3000-3500-egg-tray-manufacturing-machine.webp\" alt=\"3000-3500pcs\/h maskin f\u00f6r tillverkning av \u00e4ggkartonger\" class=\"wp-image-579\" title=\"\" srcset=\"https:\/\/www.eggtray.org\/wp-content\/uploads\/2022\/11\/3000-3500-egg-tray-manufacturing-machine.webp 720w, https:\/\/www.eggtray.org\/wp-content\/uploads\/2022\/11\/3000-3500-egg-tray-manufacturing-machine-300x225.webp 300w\" sizes=\"auto, (max-width: 720px) 100vw, 720px\" \/><figcaption class=\"wp-element-caption\">3000-3500Pcs\/H Maskin f\u00f6r tillverkning av \u00e4ggkartonger<\/figcaption><\/figure> <\/figure>    <ol class=\"wp-block-list\"> <li><strong>Kostnad<\/strong>. Faktiskt \u00e4r detta n\u00e4ra relaterat till din budget. Eftersom din budget avg\u00f6r hur m\u00e5nga kapaciteter av maskinen du kan k\u00f6pa.<\/li>    <li><strong>Din aff\u00e4rsstorlek<\/strong>Om du vill genomf\u00f6ra produktion av sm\u00e5, medelstora eller stora \u00e4ggtr\u00e5g, b\u00f6r du ha ett tydligt m\u00e5l. Det p\u00e5verkar direkt ditt val av maskintyper.<\/li>    <li><strong>Arbetsplats<\/strong>Kwa sababu mahali pa kazi kwa mashine ya kutengeneza tray za mayai ni muhimu sana, inaathiri sana njia ya kukausha. Ikiwa kuna nafasi ya kutosha, kukausha kwa asili pia inafaa.<\/li>    <li><strong>Period av \u00e5terv\u00e4ndande<\/strong>. Du b\u00f6r veta n\u00e4r ditt f\u00f6retag g\u00e5r med vinst. Det \u00e4r viktigt. D\u00e4rf\u00f6r b\u00f6r du ha tillr\u00e4cklig f\u00f6rberedelse innan du startar denna verksamhet.<\/li> <\/ol>    <p>Ovanst\u00e5ende \u00e4r bara n\u00e5gra punkter. Andra faktorer b\u00f6r beaktas. Alla dessa \u00e4r f\u00f6r din referens n\u00e4r du v\u00e4ljer \u00e4ggtraymaskin.<\/p>    <h2 class=\"wp-block-heading\"><strong>Vilken \u00e4r den mest l\u00e4mpliga torkmetoden f\u00f6r SL-4*4 \u00e4ggkartongmaskinen?<\/strong><\/h2>    <p>F\u00f6r denna kapacitet kommer f\u00f6rs\u00e4ljningschefen vanligtvis att rekommendera en metalltork f\u00f6r att torka \u00e4ggtrays. <\/p>   <div class=\"wp-block-image\"> <figure class=\"aligncenter size-full\"><img loading=\"lazy\" decoding=\"async\" width=\"720\" height=\"540\" src=\"https:\/\/www.eggtray.org\/wp-content\/uploads\/2022\/08\/metal-multiple-layer-egg-tray-dryer.webp\" alt=\"Metallflera lager \u00e4ggkartongtorkare\" class=\"wp-image-344\" title=\"\" srcset=\"https:\/\/www.eggtray.org\/wp-content\/uploads\/2022\/08\/metal-multiple-layer-egg-tray-dryer.webp 720w, https:\/\/www.eggtray.org\/wp-content\/uploads\/2022\/08\/metal-multiple-layer-egg-tray-dryer-300x225.webp 300w\" sizes=\"auto, (max-width: 720px) 100vw, 720px\" \/><figcaption class=\"wp-element-caption\">Metall flerskikts \u00e4ggkartongtork <\/figcaption><\/figure> <\/div>   <p>Som ing\u00e5ngsmaskin f\u00f6r torkning kan denna typ av \u00e4ggtrayproduktionsmaskin effektivt anv\u00e4nda torkenergin, och produktionen kan ocks\u00e5 \u00f6ka.<\/p>    <h2 class=\"wp-block-heading\"><strong>Vinster med att k\u00f6pa maskinen f\u00f6r tillverkning av \u00e4ggkartonger 3000-3500 st\/h<\/strong><\/h2>    <p>Maskin f\u00f6r tillverkning av \u00e4ggkartonger med kapacitet p\u00e5 3000-3500 stycken\/timme kan producera 60000-70000 stycken kartonger p\u00e5 en dag. Och en styck har en vinst p\u00e5 0,04 RMB. S\u00e5 den totala vinsten f\u00f6r en dag \u00e4r 2400-2800 RMB. Vinstmarginalen \u00e4r mycket betydande.<\/p>   <div class=\"wp-block-image\"> <figure class=\"aligncenter size-full\"><img loading=\"lazy\" decoding=\"async\" width=\"720\" height=\"540\" src=\"https:\/\/www.eggtray.org\/wp-content\/uploads\/2022\/08\/packed-egg-trays.webp\" alt=\"paketerade \u00e4ggkartonger\" class=\"wp-image-385\" title=\"\" srcset=\"https:\/\/www.eggtray.org\/wp-content\/uploads\/2022\/08\/packed-egg-trays.webp 720w, https:\/\/www.eggtray.org\/wp-content\/uploads\/2022\/08\/packed-egg-trays-300x225.webp 300w\" sizes=\"auto, (max-width: 720px) 100vw, 720px\" \/><figcaption class=\"wp-element-caption\">paketerade \u00e4ggkartonger <\/figcaption><\/figure> <\/div>","protected":false},"excerpt":{"rendered":"<p>Mashine hii ya kutengeneza tray za mayai 3000-3500pcs\/h inatengeneza tray za karatasi kwa wingi, ambayo ni suluhisho bora kwa mimea ya kati.<\/p>","protected":false},"author":1,"featured_media":578,"parent":0,"template":"","tags":[10,11,66,88],"product-type":[61,5,4],"class_list":["post-577","product","type-product","status-publish","has-post-thumbnail","hentry","tag-egg-tray-machine","tag-egg-tray-making-machine","tag-egg-tray-manufacturing-machine","tag-egg-trays","product-type-by-capacity","product-type-main-equipment","product-type-product"],"_links":{"self":[{"href":"https:\/\/www.eggtray.org\/sw\/wp-json\/wp\/v2\/product\/577","targetHints":{"allow":["GET"]}}],"collection":[{"href":"https:\/\/www.eggtray.org\/sw\/wp-json\/wp\/v2\/product"}],"about":[{"href":"https:\/\/www.eggtray.org\/sw\/wp-json\/wp\/v2\/types\/product"}],"author":[{"embeddable":true,"href":"https:\/\/www.eggtray.org\/sw\/wp-json\/wp\/v2\/users\/1"}],"wp:featuredmedia":[{"embeddable":true,"href":"https:\/\/www.eggtray.org\/sw\/wp-json\/wp\/v2\/media\/578"}],"wp:attachment":[{"href":"https:\/\/www.eggtray.org\/sw\/wp-json\/wp\/v2\/media?parent=577"}],"wp:term":[{"taxonomy":"post_tag","embeddable":true,"href":"https:\/\/www.eggtray.org\/sw\/wp-json\/wp\/v2\/tags?post=577"},{"taxonomy":"product-type","embeddable":true,"href":"https:\/\/www.eggtray.org\/sw\/wp-json\/wp\/v2\/product-type?post=577"}],"curies":[{"name":"wp","href":"https:\/\/api.w.org\/{rel}","templated":true}]}}