{"id":581,"date":"2022-11-18T16:15:47","date_gmt":"2022-11-18T08:15:47","guid":{"rendered":"https:\/\/www.eggtray.org\/?post_type=product&#038;p=581"},"modified":"2025-10-30T16:35:47","modified_gmt":"2025-10-30T08:35:47","slug":"4000pcs-h-paper-tray-making-machine","status":"publish","type":"product","link":"https:\/\/www.eggtray.org\/sw\/product\/4000pcs-h-paper-tray-making-machine\/","title":{"rendered":"4000PCS\/H Maskin f\u00f6r tillverkning av pappersbricka"},"content":{"rendered":"<p class=\"translation-block\"><strong>Mashine hii ya kutengeneza trei za karatasi<\/strong> inaweza kuzalisha vipande 4,000 vya trei za mayai kwa saa na ina ufanisi mkubwa, akiba ya nishati, na rafiki kwa mazingira. <\/p>    <p>Denna \u00e4ggbricka maskin \u00e4r l\u00e4mplig f\u00f6r medelstora eller stora fabriker, eller f\u00f6r investerare som vill investera i storskalig produktion.<\/p>    <figure class=\"wp-block-embed is-type-video is-provider-youtube wp-block-embed-youtube wp-embed-aspect-16-9 wp-has-aspect-ratio\"><div class=\"wp-block-embed__wrapper\"> <iframe loading=\"lazy\" title=\"Kufichua Ajabu: Mashine ya Tray ya Mayai katika Hatua ya Moja kwa Moja! \ud83e\udd5a\ud83d\udd27Mashine ya Kutengeneza Tray ya Mayai 4000 PCS\/H inauzwa\" width=\"500\" height=\"281\" src=\"https:\/\/www.youtube.com\/embed\/FZ-dyptdaEM?feature=oembed\" frameborder=\"0\" allow=\"accelerometer; autoplay; clipboard-write; encrypted-media; gyroscope; picture-in-picture; web-share\" referrerpolicy=\"strict-origin-when-cross-origin\" allowfullscreen><\/iframe> <\/div><figcaption class=\"wp-element-caption\">video om 4000st\/h pappersbricka maskin<\/figcaption><\/figure>    <h2 class=\"wp-block-heading\"><strong>F\u00f6rdelarna med att investera i denna SL-4*8 pappersbricka tillverkningsmaskin<\/strong><\/h2>    <ol class=\"wp-block-list\"> <li><strong>Billiga r\u00e5varor<\/strong> som anv\u00e4nds i denna \u00e4ggbricka maskin kan \u00e5tervinnas igen, vilket \u00e4r mycket milj\u00f6v\u00e4nligt.<\/li>    <li><strong>Kapacitet \u00e4r 4000 bitar per timme<\/strong>hutoa ufanisi wa juu, inaweza kukidhi uzalishaji wa kati au mkubwa.<\/li>    <li>Den <strong>H\u00f6g grad av automatisering<\/strong>Mashine hii inaweza kuunda laini kamili ya uzalishaji wa tray ya karatasi pamoja na mashine nyingine, ikiwa na automatisering ya juu.<\/li>    <li>Den <strong>Torkningsmetod<\/strong> inaweza kuchaguliwa kutoka kwenye tanuru ya matofali au ukavu wa chuma, ambayo ni ya kuchagua sana.<\/li>    <li><strong>Stort vinstmarginal<\/strong>Gharama ya uzalishaji ni ya chini, lakini soko ni kubwa.<\/li> <\/ol>    <figure class=\"wp-block-gallery aligncenter has-nested-images columns-default is-cropped wp-block-gallery-2 is-layout-flex wp-block-gallery-is-layout-flex\"> <figure class=\"wp-block-image size-large\"><img loading=\"lazy\" decoding=\"async\" width=\"720\" height=\"540\" data-id=\"611\" src=\"https:\/\/www.eggtray.org\/wp-content\/uploads\/2022\/11\/paper-egg-tray-machine.webp\" alt=\"pappers\u00e4ggtr\u00e5gs maskin\" class=\"wp-image-611\" title=\"\" srcset=\"https:\/\/www.eggtray.org\/wp-content\/uploads\/2022\/11\/paper-egg-tray-machine.webp 720w, https:\/\/www.eggtray.org\/wp-content\/uploads\/2022\/11\/paper-egg-tray-machine-300x225.webp 300w\" sizes=\"auto, (max-width: 720px) 100vw, 720px\" \/><figcaption class=\"wp-element-caption\">Maskin f\u00f6r pappers\u00e4ggtr\u00e5g<\/figcaption><\/figure>    <figure class=\"wp-block-image size-large\"><img loading=\"lazy\" decoding=\"async\" width=\"720\" height=\"540\" data-id=\"612\" src=\"https:\/\/www.eggtray.org\/wp-content\/uploads\/2022\/11\/paper-tray-machine.webp\" alt=\"Pappersbricka maskin\" class=\"wp-image-612\" title=\"\" srcset=\"https:\/\/www.eggtray.org\/wp-content\/uploads\/2022\/11\/paper-tray-machine.webp 720w, https:\/\/www.eggtray.org\/wp-content\/uploads\/2022\/11\/paper-tray-machine-300x225.webp 300w\" sizes=\"auto, (max-width: 720px) 100vw, 720px\" \/><figcaption class=\"wp-element-caption\">Maskin f\u00f6r pappersbrickor<\/figcaption><\/figure> <\/figure>    <h2 class=\"wp-block-heading\"><strong>Parametrar f\u00f6r Shuliy 4000pcs\/h pappersbricka tillverkningsmaskin till salu<\/strong><\/h2>    <figure class=\"wp-block-table\"><table><tbody><tr><td>Modell<\/td><td>Kapacitet<\/td><td>Pappersf\u00f6rbrukning<\/td><td>Vattenf\u00f6rbrukning<\/td><td>Energi som anv\u00e4nds<\/td><td>Arbetare<\/td><\/tr><tr><td>SL-4*8<\/td><td>4000pcs\/h<\/td><td>320kg\/h<\/td><td>600kg\/h<\/td><td>80kW\/t<\/td><td>5-6<\/td><\/tr><\/tbody><\/table><figcaption class=\"wp-element-caption\">parametrar f\u00f6r maskin f\u00f6r tillverkning av pappers\u00e4ggkartonger<\/figcaption><\/figure>    <p>Kwa sababu aina hii ya mashine ya tray ya mayai ina uwezo wa vipande 4000 kwa saa, unapofanya uamuzi wa kuwekeza katika hiyo, kwa uzalishaji wako wenye ufanisi na kurudi kwa muda mfupi, mashine ya kukausha tray za mayai (kikauka chuma) inapaswa kuchaguliwa.<\/p>    <figure class=\"wp-block-embed is-type-video is-provider-youtube wp-block-embed-youtube wp-embed-aspect-16-9 wp-has-aspect-ratio\"><div class=\"wp-block-embed__wrapper\"> <iframe loading=\"lazy\" title=\"8-sidig pappersmassa formningsmaskin med \u00e4ggbricka torkare: hur fungerar maskinen f\u00f6r att tillverka \u00e4ggbrickor?\" width=\"500\" height=\"281\" src=\"https:\/\/www.youtube.com\/embed\/skFBy8XtZK8?feature=oembed\" frameborder=\"0\" allow=\"accelerometer; autoplay; clipboard-write; encrypted-media; gyroscope; picture-in-picture; web-share\" referrerpolicy=\"strict-origin-when-cross-origin\" allowfullscreen><\/iframe> <\/div><figcaption class=\"wp-element-caption\">8-sidig \u00e4ggbricka maskin<\/figcaption><\/figure>    <h2 class=\"wp-block-heading\"><strong>Varf\u00f6r v\u00e4lja denna 4000pcs per timme pappersmassa bricka tillverkningsmaskin?<\/strong><\/h2>    <p class=\"translation-block\">Kwa kweli, <a href=\"https:\/\/www.eggtray.org\/sw\/product\/egg-tray-making-machine\/\">mashine hii ya kutengeneza trei za mayai ya karatasi<\/a> inafaa kwa uwekezaji wa uzalishaji wa kiwango cha kati. <\/p>    <p>Kama mwekezaji, ikiwa una mtaji wa kutosha tayari, nafasi ya kutosha kwenye tovuti, na malighafi za kutosha, unaweza kufanya uwekezaji wa uzalishaji wa kati. <\/p>    <p>Kwa njia hii, urejeleaji utakuwa wa haraka na meneja wetu wa mauzo atakupa ushauri wa kitaalamu na msaada.<\/p>    <h2 class=\"wp-block-heading\"><strong>Faktorer som p\u00e5verkar priset p\u00e5 \u00e4ggpappersbricka tillverkningsmaskin<\/strong><\/h2>    <p>Priset p\u00e5 maskinen p\u00e5verkas av olika faktorer, s\u00e5som formen, maskinens kapacitet, enskild maskin eller produktionslinje, kapital och s\u00e5 vidare kommer att p\u00e5verka priset p\u00e5 maskinen. <\/p>    <p>Kwa mfano, bei ya mashine ya kutengeneza bakuli za karatasi na bei ya mashine ya kutengeneza tray za mayai si sawa. <\/p>    <p>Shuliy ni kampuni kamili na yenye nguvu, wafanyakazi wake ni wa kitaalamu sana na watakupa suluhisho bora kulingana na mahitaji yako.<\/p>    <figure class=\"wp-block-gallery aligncenter has-nested-images columns-default is-cropped wp-block-gallery-3 is-layout-flex wp-block-gallery-is-layout-flex\"> <figure class=\"wp-block-image size-full\"><img loading=\"lazy\" decoding=\"async\" width=\"720\" height=\"540\" data-id=\"614\" src=\"https:\/\/www.eggtray.org\/wp-content\/uploads\/2022\/11\/egg-tray-making-machine-for-sale.webp\" alt=\"\u00c4ggkartongmaskin till salu\" class=\"wp-image-614\" title=\"\" srcset=\"https:\/\/www.eggtray.org\/wp-content\/uploads\/2022\/11\/egg-tray-making-machine-for-sale.webp 720w, https:\/\/www.eggtray.org\/wp-content\/uploads\/2022\/11\/egg-tray-making-machine-for-sale-300x225.webp 300w\" sizes=\"auto, (max-width: 720px) 100vw, 720px\" \/><figcaption class=\"wp-element-caption\">\u00c4ggbricka tillverkningsmaskin till salu<\/figcaption><\/figure>    <figure class=\"wp-block-image size-full\"><img loading=\"lazy\" decoding=\"async\" width=\"720\" height=\"540\" data-id=\"613\" src=\"https:\/\/www.eggtray.org\/wp-content\/uploads\/2022\/11\/egg-tray-machine-manufacturer.webp\" alt=\"tillverkare av \u00e4ggbricka maskin\" class=\"wp-image-613\" title=\"\" srcset=\"https:\/\/www.eggtray.org\/wp-content\/uploads\/2022\/11\/egg-tray-machine-manufacturer.webp 720w, https:\/\/www.eggtray.org\/wp-content\/uploads\/2022\/11\/egg-tray-machine-manufacturer-300x225.webp 300w\" sizes=\"auto, (max-width: 720px) 100vw, 720px\" \/><figcaption class=\"wp-element-caption\">Tillverkare av \u00e4ggkartongmaskiner<\/figcaption><\/figure> <\/figure>    <h2 class=\"wp-block-heading\"><strong>Tillverkare och leverant\u00f6rer av pappersbricka tillverkningsmaskiner \u2013 Shuliy Machinery<\/strong><\/h2>    <p>Kuna wazalishaji na wasambazaji wengi wa mashine za kutengeneza tray za mayai sokoni. <\/p>    <p>Sisi, Shuliy Machinery, kama kampuni inayofurahia sifa kubwa duniani, tunachanganya utengenezaji na usambazaji. <\/p>    <p>Tuna na timu ya mauzo ya kitaaluma, huduma ya baada ya mauzo ya masaa 24, mifano mbalimbali ya mashine za tray za mayai, laini kamili ya uzalishaji wa tray za karatasi yenye mashine za msaada. <\/p>    <p>Pia, mashine zetu si tu za ubora mzuri bali pia zina ufanisi mzuri wa gharama, hutajuta kamwe kuchagua sisi.<\/p>    <figure class=\"wp-block-gallery has-nested-images columns-default is-cropped wp-block-gallery-4 is-layout-flex wp-block-gallery-is-layout-flex\"> <figure class=\"wp-block-image size-large\"><img loading=\"lazy\" decoding=\"async\" width=\"720\" height=\"540\" data-id=\"382\" src=\"https:\/\/www.eggtray.org\/wp-content\/uploads\/2022\/08\/Shuliy-Machinery-paper-tray-machine-manufacturer-supplier.webp\" alt=\"Shuliy Mashine-mtengenezaji na msambazaji wa mashine ya tray ya karatasi\" class=\"wp-image-382\" title=\"\" srcset=\"https:\/\/www.eggtray.org\/wp-content\/uploads\/2022\/08\/Shuliy-Machinery-paper-tray-machine-manufacturer-supplier.webp 720w, https:\/\/www.eggtray.org\/wp-content\/uploads\/2022\/08\/Shuliy-Machinery-paper-tray-machine-manufacturer-supplier-300x225.webp 300w\" sizes=\"auto, (max-width: 720px) 100vw, 720px\" \/><figcaption class=\"wp-element-caption\">Mtengenezaji na Mtoa huduma wa Mashine ya Tray ya Karatasi ya Shuliy Machinery<\/figcaption><\/figure>    <figure class=\"wp-block-image size-large\"><img loading=\"lazy\" decoding=\"async\" width=\"720\" height=\"540\" data-id=\"122\" src=\"https:\/\/www.eggtray.org\/wp-content\/uploads\/2022\/08\/factory.webp\" alt=\"Tillverkare av \u00e4ggbricka maskin fabrik\" class=\"wp-image-122\" title=\"\" srcset=\"https:\/\/www.eggtray.org\/wp-content\/uploads\/2022\/08\/factory.webp 720w, https:\/\/www.eggtray.org\/wp-content\/uploads\/2022\/08\/factory-300x225.webp 300w\" sizes=\"auto, (max-width: 720px) 100vw, 720px\" \/><figcaption class=\"wp-element-caption\">Fabrik f\u00f6r tillverkare av \u00e4ggkartongmaskiner<\/figcaption><\/figure> <\/figure>    <h2 class=\"wp-block-heading\"><strong>F\u00e5 en offert nu!<\/strong><\/h2>    <p class=\"translation-block\">Je, una nia ya mashine hii kwa ajili ya uzalishaji wa <a href=\"https:\/\/en.wikipedia.org\/wiki\/Egg_carton\" target=\"_blank\" rel=\"noopener\">maganda ya trei za mayai<\/a>? Ikiwa ndivyo, wasiliana nasi kwa nukuu!<\/p>","protected":false},"excerpt":{"rendered":"<p>Mashine hii ya kutengeneza tray za mayai ina uwezo wa kuzalisha vipande 4,000 vya tray za mayai kwa saa, ikiwa na ufanisi mkubwa, kuokoa nishati, na rafiki wa mazingira. <\/p>","protected":false},"author":1,"featured_media":583,"parent":0,"template":"","tags":[10,11,88,67],"product-type":[61],"class_list":["post-581","product","type-product","status-publish","has-post-thumbnail","hentry","tag-egg-tray-machine","tag-egg-tray-making-machine","tag-egg-trays","tag-paper-tray-making-machine","product-type-by-capacity"],"_links":{"self":[{"href":"https:\/\/www.eggtray.org\/sw\/wp-json\/wp\/v2\/product\/581","targetHints":{"allow":["GET"]}}],"collection":[{"href":"https:\/\/www.eggtray.org\/sw\/wp-json\/wp\/v2\/product"}],"about":[{"href":"https:\/\/www.eggtray.org\/sw\/wp-json\/wp\/v2\/types\/product"}],"author":[{"embeddable":true,"href":"https:\/\/www.eggtray.org\/sw\/wp-json\/wp\/v2\/users\/1"}],"wp:featuredmedia":[{"embeddable":true,"href":"https:\/\/www.eggtray.org\/sw\/wp-json\/wp\/v2\/media\/583"}],"wp:attachment":[{"href":"https:\/\/www.eggtray.org\/sw\/wp-json\/wp\/v2\/media?parent=581"}],"wp:term":[{"taxonomy":"post_tag","embeddable":true,"href":"https:\/\/www.eggtray.org\/sw\/wp-json\/wp\/v2\/tags?post=581"},{"taxonomy":"product-type","embeddable":true,"href":"https:\/\/www.eggtray.org\/sw\/wp-json\/wp\/v2\/product-type?post=581"}],"curies":[{"name":"wp","href":"https:\/\/api.w.org\/{rel}","templated":true}]}}