{"id":593,"date":"2022-11-24T15:46:06","date_gmt":"2022-11-24T07:46:06","guid":{"rendered":"https:\/\/www.eggtray.org\/?post_type=product&#038;p=593"},"modified":"2025-10-30T14:15:06","modified_gmt":"2025-10-30T06:15:06","slug":"6000pcs-h-paper-egg-tray-making-machine","status":"publish","type":"product","link":"https:\/\/www.eggtray.org\/sw\/product\/6000pcs-h-paper-egg-tray-making-machine\/","title":{"rendered":"6000PCS\/H Maskin f\u00f6r tillverkning av pappers\u00e4ggtr\u00e5g"},"content":{"rendered":"<p class=\"translation-block\">Hii mashine ya kutengeneza trei za mayai ya karatasi ya vipande 6000 kwa saa, modeli SL-5*12, ni mashine bora ya kutengeneza trei za karatasi kwa wingi, inayofaa kwa mashamba makubwa. <\/p>    <p>F\u00f6r investerare, om du har tillr\u00e4ckligt med kapitalst\u00f6d och planerar att producera mass\u00e4ggbrickor, \u00e4r denna \u00e4ggbricksproduktionsmaskin ett utm\u00e4rkt val.<\/p>    <figure class=\"wp-block-embed is-type-video is-provider-youtube wp-block-embed-youtube wp-embed-aspect-16-9 wp-has-aspect-ratio\"><div class=\"wp-block-embed__wrapper\"> <iframe loading=\"lazy\" title=\"Tillverkning av \u00e4ggkartongkartonger effektivt: fr\u00e5n formning, torkning till packning! Priser p\u00e5 \u00e4ggkartongmaskiner\" width=\"500\" height=\"281\" src=\"https:\/\/www.youtube.com\/embed\/usW7Li1ju98?feature=oembed\" frameborder=\"0\" allow=\"accelerometer; autoplay; clipboard-write; encrypted-media; gyroscope; picture-in-picture; web-share\" referrerpolicy=\"strict-origin-when-cross-origin\" allowfullscreen><\/iframe> <\/div><figcaption class=\"wp-element-caption\">video om tillverkning av stora \u00e4ggtr\u00e5g<\/figcaption><\/figure>    <h2 class=\"wp-block-heading\"><strong>F\u00f6rdelar med 6000st\/h automatisk pappers\u00e4ggbricksmaskin <\/strong><\/h2>    <ul class=\"wp-block-list\"> <li><strong>Kapasitet kubwa<\/strong>, h\u00f6g effektivitet, l\u00e4mplig f\u00f6r storskalig produktion.<\/li>    <li><strong>Ulinzi wa mazingira<\/strong>. R\u00e5material \u00e5teranv\u00e4nds och \u00e5tervinns f\u00f6r att producera v\u00e4rdefulla brickor f\u00f6r kommersiellt bruk.<\/li>    <li><strong>Mifano mbalimbali<\/strong>. Plastformar och aluminiumformar finns tillg\u00e4ngliga f\u00f6r maskinanv\u00e4ndning, mycket l\u00e4tta att reng\u00f6ra och ta bort rester.<\/li>    <li><strong>Umbo tofauti za tray za karatasi<\/strong> kan produceras. Det r\u00e4cker med att byta den matchade formen.<\/li>    <li><strong>Faida haraka<\/strong>F\u00f6r att denna produktionsmaskin har en kapacitet p\u00e5 6000 stycken per timme, producerar m\u00e5nga \u00e4ggkartonger och genererar vinster snabbt.<\/li> <\/ul>    <figure class=\"wp-block-gallery has-nested-images columns-default is-cropped wp-block-gallery-2 is-layout-flex wp-block-gallery-is-layout-flex\"> <figure class=\"wp-block-image size-large\"><img loading=\"lazy\" decoding=\"async\" width=\"720\" height=\"540\" data-id=\"1035\" src=\"https:\/\/www.eggtray.org\/wp-content\/uploads\/2022\/11\/paper-pulp-egg-tray-making-machine-for-sale.webp\" alt=\"maskin f\u00f6r tillverkning av \u00e4ggtr\u00e5g av pappersmassa till salu\" class=\"wp-image-1035\" title=\"\" srcset=\"https:\/\/www.eggtray.org\/wp-content\/uploads\/2022\/11\/paper-pulp-egg-tray-making-machine-for-sale.webp 720w, https:\/\/www.eggtray.org\/wp-content\/uploads\/2022\/11\/paper-pulp-egg-tray-making-machine-for-sale-300x225.webp 300w, https:\/\/www.eggtray.org\/wp-content\/uploads\/2022\/11\/paper-pulp-egg-tray-making-machine-for-sale-16x12.webp 16w\" sizes=\"auto, (max-width: 720px) 100vw, 720px\" \/><figcaption class=\"wp-element-caption\">Maskin f\u00f6r tillverkning av \u00e4ggtr\u00e5g av pappersmassa till salu<\/figcaption><\/figure>    <figure class=\"wp-block-image size-large\"><img loading=\"lazy\" decoding=\"async\" width=\"720\" height=\"540\" data-id=\"1033\" src=\"https:\/\/www.eggtray.org\/wp-content\/uploads\/2022\/11\/fully-automatic-paper-tray-machine.webp\" alt=\"helt automatisk pappersbricka maskin\" class=\"wp-image-1033\" title=\"\" srcset=\"https:\/\/www.eggtray.org\/wp-content\/uploads\/2022\/11\/fully-automatic-paper-tray-machine.webp 720w, https:\/\/www.eggtray.org\/wp-content\/uploads\/2022\/11\/fully-automatic-paper-tray-machine-300x225.webp 300w, https:\/\/www.eggtray.org\/wp-content\/uploads\/2022\/11\/fully-automatic-paper-tray-machine-16x12.webp 16w\" sizes=\"auto, (max-width: 720px) 100vw, 720px\" \/><figcaption class=\"wp-element-caption\">Helt automatisk pappersbricka maskin<\/figcaption><\/figure>    <figure class=\"wp-block-image size-large\"><img loading=\"lazy\" decoding=\"async\" width=\"720\" height=\"540\" data-id=\"1034\" src=\"https:\/\/www.eggtray.org\/wp-content\/uploads\/2022\/11\/large-egg-tray-making-machine.webp\" alt=\"stor maskin f\u00f6r tillverkning av \u00e4ggtr\u00e5g\" class=\"wp-image-1034\" title=\"\" srcset=\"https:\/\/www.eggtray.org\/wp-content\/uploads\/2022\/11\/large-egg-tray-making-machine.webp 720w, https:\/\/www.eggtray.org\/wp-content\/uploads\/2022\/11\/large-egg-tray-making-machine-300x225.webp 300w, https:\/\/www.eggtray.org\/wp-content\/uploads\/2022\/11\/large-egg-tray-making-machine-16x12.webp 16w\" sizes=\"auto, (max-width: 720px) 100vw, 720px\" \/><figcaption class=\"wp-element-caption\">Stor maskin f\u00f6r tillverkning av \u00e4ggtr\u00e5g<\/figcaption><\/figure> <\/figure>    <h2 class=\"wp-block-heading\"><strong>Tekniska parametrar f\u00f6r Shuliy 6000st\/h pappers\u00e4ggbricksmaskin<\/strong><\/h2>    <figure class=\"wp-block-table\"><table><tbody><tr><td>Modell<\/td><td>Kapacitet<\/td><td>Pappersf\u00f6rbrukning<\/td><td>Vattenf\u00f6rbrukning<\/td><td>Energi som anv\u00e4nds<\/td><td>Arbetare<\/td><\/tr><tr><td>SL-5*12<\/td><td>6000pcs\/h<\/td><td>480kg\/h<\/td><td>900kg\/h<\/td><td>90kW\/h<\/td><td>3-4<\/td><\/tr><\/tbody><\/table><figcaption class=\"wp-element-caption\">Stora \u00e4ggtr\u00e5g tillverkningsmaskinens parametrar<\/figcaption><\/figure>    <p>Om du vill starta en produktion av pappersbrickor i stor skala eller ut\u00f6ka ditt f\u00f6retag, d\u00e5 \u00e4r denna \u00e4ggbricka maskin r\u00e4tt val f\u00f6r dig. Om du vill ha mer information, tveka inte att kontakta oss!<\/p>    <h2 class=\"wp-block-heading\"><strong>Stort komplett papper \u00e4ggtr\u00e5g produktionslinje <\/strong><\/h2>    <p>Tillverkningsprocessen f\u00f6r \u00e4ggkartonger inkluderar pulping, formning, torkning, varmpressning och balning.<\/p>    <p class=\"translation-block\">Ukishachagua hii mashine ya kutengeneza trei za mayai ya karatasi ya vipande 6000 kwa saa, suluhisho bora la kukausha ni <a href=\"https:\/\/www.eggtray.org\/sw\/product\/egg-tray-dryer\/\" target=\"_blank\" rel=\"noreferrer noopener\">mashine ya kukaushia chuma<\/a>.<\/p>   <div class=\"wp-block-image\"> <figure class=\"aligncenter size-full\"><img loading=\"lazy\" decoding=\"async\" width=\"720\" height=\"540\" src=\"https:\/\/www.eggtray.org\/wp-content\/uploads\/2022\/11\/egg-tray-machine-with-metal-dryer.webp\" alt=\"maskin f\u00f6r \u00e4ggtr\u00e5g med metalltork\" class=\"wp-image-1032\" title=\"\" srcset=\"https:\/\/www.eggtray.org\/wp-content\/uploads\/2022\/11\/egg-tray-machine-with-metal-dryer.webp 720w, https:\/\/www.eggtray.org\/wp-content\/uploads\/2022\/11\/egg-tray-machine-with-metal-dryer-300x225.webp 300w, https:\/\/www.eggtray.org\/wp-content\/uploads\/2022\/11\/egg-tray-machine-with-metal-dryer-16x12.webp 16w\" sizes=\"auto, (max-width: 720px) 100vw, 720px\" \/><figcaption class=\"wp-element-caption\">maskin f\u00f6r \u00e4ggtr\u00e5g med metalltork<\/figcaption><\/figure> <\/div>   <p>Mstari wa utengenezaji wa kiotomatiki una uwezo mkubwa, ufanisi wa juu, na utendaji mzuri. Ikiwa una nia, karibuni kuwasiliana nasi!<\/p>   <div class=\"wp-block-image\"> <figure class=\"aligncenter size-full\"><img loading=\"lazy\" decoding=\"async\" width=\"720\" height=\"540\" src=\"https:\/\/www.eggtray.org\/wp-content\/uploads\/2022\/08\/fully-automatic-paper-egg-carton-production-line.webp\" alt=\"helt automatisk produktionlinje f\u00f6r pappers\u00e4ggkartonger\" class=\"wp-image-252\" title=\"\" srcset=\"https:\/\/www.eggtray.org\/wp-content\/uploads\/2022\/08\/fully-automatic-paper-egg-carton-production-line.webp 720w, https:\/\/www.eggtray.org\/wp-content\/uploads\/2022\/08\/fully-automatic-paper-egg-carton-production-line-300x225.webp 300w\" sizes=\"auto, (max-width: 720px) 100vw, 720px\" \/><figcaption class=\"wp-element-caption\">helt automatisk produktionlinje f\u00f6r pappers\u00e4ggkartonger<\/figcaption><\/figure> <\/div>   <h2 class=\"wp-block-heading\"><strong>Formar f\u00f6r Shuliy SL-5*12 pappers\u00e4ggbricksmaskin<\/strong><\/h2>    <p>Tuna na mifano ya plastiki na alumini inayopatikana kwa uzalishaji. Mifano hii ina muda mrefu wa huduma na kipindi cha dhamana ili kuhakikisha mashine yako inafanya kazi. <\/p>    <p>Du kan v\u00e4lja de formar du gillar f\u00f6r att producera pappersbrickor.<\/p>    <figure class=\"wp-block-gallery aligncenter has-nested-images columns-default is-cropped wp-block-gallery-3 is-layout-flex wp-block-gallery-is-layout-flex\"> <figure class=\"wp-block-image size-large\"><img loading=\"lazy\" decoding=\"async\" width=\"720\" height=\"540\" data-id=\"310\" src=\"https:\/\/www.eggtray.org\/wp-content\/uploads\/2022\/08\/molds.webp\" alt=\"former\" class=\"wp-image-310\" title=\"\" srcset=\"https:\/\/www.eggtray.org\/wp-content\/uploads\/2022\/08\/molds.webp 720w, https:\/\/www.eggtray.org\/wp-content\/uploads\/2022\/08\/molds-300x225.webp 300w\" sizes=\"auto, (max-width: 720px) 100vw, 720px\" \/><figcaption class=\"wp-element-caption\">Formar<\/figcaption><\/figure>    <figure class=\"wp-block-image size-large\"><img loading=\"lazy\" decoding=\"async\" width=\"720\" height=\"540\" data-id=\"378\" src=\"https:\/\/www.eggtray.org\/wp-content\/uploads\/2022\/08\/different-paper-tray-molds.webp\" alt=\"mifano tofauti ya tray za karatasi\" class=\"wp-image-378\" title=\"\" srcset=\"https:\/\/www.eggtray.org\/wp-content\/uploads\/2022\/08\/different-paper-tray-molds.webp 720w, https:\/\/www.eggtray.org\/wp-content\/uploads\/2022\/08\/different-paper-tray-molds-300x225.webp 300w\" sizes=\"auto, (max-width: 720px) 100vw, 720px\" \/><figcaption class=\"wp-element-caption\">Olika papperskartongformar<\/figcaption><\/figure> <\/figure>    <h2 class=\"wp-block-heading\"><strong>Projekt f\u00f6r Shuliy SL-5*12 pappers\u00e4ggbricksmaskin<\/strong><\/h2>    <p>Mashine ya tray ya mayai ya Shuliy ni mashine rafiki wa mazingira ambayo inajulikana duniani kote na kuna wanunuzi wa mashine hiyo duniani kote. <\/p>    <p class=\"translation-block\">Mashine zetu mara nyingi huuzwa nje kwa <strong>Nigeria, Kenya, Saudi Arabia, Zambia, Cambodia<\/strong>, n.k.<\/p>   <div class=\"wp-block-image\"> <figure class=\"aligncenter size-full\"><img loading=\"lazy\" decoding=\"async\" width=\"720\" height=\"540\" src=\"https:\/\/www.eggtray.org\/wp-content\/uploads\/2022\/11\/12-side-paper-egg-tray-making-machine.webp\" alt=\"Mashine ya kutengeneza tray za mayai za karatasi za pande 12\" class=\"wp-image-606\" title=\"\" srcset=\"https:\/\/www.eggtray.org\/wp-content\/uploads\/2022\/11\/12-side-paper-egg-tray-making-machine.webp 720w, https:\/\/www.eggtray.org\/wp-content\/uploads\/2022\/11\/12-side-paper-egg-tray-making-machine-300x225.webp 300w\" sizes=\"auto, (max-width: 720px) 100vw, 720px\" \/><figcaption class=\"wp-element-caption\">Mashine ya kutengeneza tray za mayai za karatasi za pande 12<\/figcaption><\/figure> <\/div>   <h2 class=\"wp-block-heading\"><strong>Kontakta oss f\u00f6r att starta ditt f\u00f6retag nu!<\/strong><\/h2>    <p class=\"translation-block\">Je, unataka kupata faida kupitia <a href=\"https:\/\/en.wikipedia.org\/wiki\/Paper_recycling\" target=\"_blank\" rel=\"noopener\">urejeleaji wa karatasi taka<\/a>? Wasiliana nasi na tutakusaidia kuongeza faida yako kwa muda mfupi ukitumia mashine ya kutengeneza trei za mayai.<\/p>    <figure class=\"wp-block-embed is-type-video is-provider-youtube wp-block-embed-youtube wp-embed-aspect-16-9 wp-has-aspect-ratio\"><div class=\"wp-block-embed__wrapper\"> <iframe loading=\"lazy\" title=\"Stor \u00e4ggkartongmaskin med tegelugn torkning &amp; insamlingssystem i full drift #\u00e4ggkartong\" width=\"500\" height=\"281\" src=\"https:\/\/www.youtube.com\/embed\/5DUwmLc3b3k?feature=oembed\" frameborder=\"0\" allow=\"accelerometer; autoplay; clipboard-write; encrypted-media; gyroscope; picture-in-picture; web-share\" referrerpolicy=\"strict-origin-when-cross-origin\" allowfullscreen><\/iframe> <\/div><figcaption class=\"wp-element-caption\">video ya mashine kubwa ya kutengeneza tray za mayai ya karatasi<\/figcaption><\/figure>","protected":false},"excerpt":{"rendered":"<p>Hii mashine ya kutengeneza tray za mayai ya karatasi inatengeneza tray za karatasi zenye uzalishaji wa vipande 6000 kwa saa, inayofaa kwa mimea mikubwa kuwekeza.<\/p>","protected":false},"author":1,"featured_media":605,"parent":0,"template":"","tags":[11,88,68],"product-type":[61,5,4],"class_list":["post-593","product","type-product","status-publish","has-post-thumbnail","hentry","tag-egg-tray-making-machine","tag-egg-trays","tag-paper-egg-tray-making-machine","product-type-by-capacity","product-type-main-equipment","product-type-product"],"_links":{"self":[{"href":"https:\/\/www.eggtray.org\/sw\/wp-json\/wp\/v2\/product\/593","targetHints":{"allow":["GET"]}}],"collection":[{"href":"https:\/\/www.eggtray.org\/sw\/wp-json\/wp\/v2\/product"}],"about":[{"href":"https:\/\/www.eggtray.org\/sw\/wp-json\/wp\/v2\/types\/product"}],"author":[{"embeddable":true,"href":"https:\/\/www.eggtray.org\/sw\/wp-json\/wp\/v2\/users\/1"}],"wp:featuredmedia":[{"embeddable":true,"href":"https:\/\/www.eggtray.org\/sw\/wp-json\/wp\/v2\/media\/605"}],"wp:attachment":[{"href":"https:\/\/www.eggtray.org\/sw\/wp-json\/wp\/v2\/media?parent=593"}],"wp:term":[{"taxonomy":"post_tag","embeddable":true,"href":"https:\/\/www.eggtray.org\/sw\/wp-json\/wp\/v2\/tags?post=593"},{"taxonomy":"product-type","embeddable":true,"href":"https:\/\/www.eggtray.org\/sw\/wp-json\/wp\/v2\/product-type?post=593"}],"curies":[{"name":"wp","href":"https:\/\/api.w.org\/{rel}","templated":true}]}}